{"id":13688,"date":"2022-10-14T10:39:21","date_gmt":"2022-10-14T01:39:21","guid":{"rendered":"https:\/\/athenahomecare.kr\/acerca-del-programa-partner\/"},"modified":"2023-09-16T10:48:16","modified_gmt":"2023-09-16T01:48:16","slug":"acerca-del-programa-partner","status":"publish","type":"page","link":"https:\/\/athenahomecare.kr\/es\/acerca-del-programa-partner\/","title":{"rendered":"Acerca del Programa Partner"},"content":{"rendered":"\n<div class=\"wp-block-columns alignwide are-vertically-aligned-center eplus-wrapper is-layout-flex wp-container-core-columns-is-layout-2 wp-block-columns-is-layout-flex\">\n<div class=\"wp-block-column is-vertically-aligned-center eplus-wrapper is-layout-constrained wp-block-column-is-layout-constrained\" style=\"padding-top:0px;padding-right:0px;padding-bottom:0px;padding-left:0px;flex-basis:97%\">\n<div class=\"wp-block-columns eplus-wrapper is-layout-flex wp-container-core-columns-is-layout-1 wp-block-columns-is-layout-flex\">\n<div class=\"wp-block-column is-vertically-aligned-center eplus-wrapper is-layout-flow wp-block-column-is-layout-flow\" style=\"flex-basis:70%\">\n<h3 class=\"wp-block-heading eplus-wrapper\" id=\"block-32f72191-38c9-423b-a191-bc2468ccaa2d\"><i class=\"fab fa-codepen\"><\/i>  Acerca del Programa Partner<\/h3>\n<\/div>\n\n<div class=\"wp-block-column is-vertically-aligned-center eplus-wrapper is-layout-flow wp-block-column-is-layout-flow\" style=\"flex-basis:30%\">\n\n<div class=\"wp-block-uagb-buttons uagb-buttons__outer-wrap uagb-btn__default-btn uagb-btn-tablet__default-btn uagb-btn-mobile__default-btn uagb-block-9cee1464\"><div class=\"uagb-buttons__wrap uagb-buttons-layout-wrap\">\n<div class=\"wp-block-uagb-buttons-child uagb-buttons__outer-wrap uagb-block-eaa71e2e wp-block-button is-style-outline\"><div class=\"uagb-button__wrapper\"><a class=\"uagb-buttons-repeater wp-block-button__link has-background has-text-color\" href=\"https:\/\/athenahomecare.kr\/partner-request\/\" onclick=\"return true;\" rel=\"follow noopener\" target=\"_blank\"><div class=\"uagb-button__link\">H\u00e1gase socio<\/div><span class=\"uagb-button__icon uagb-button__icon-position-after\"><svg xmlns=\"https:\/\/www.w3.org\/2000\/svg\" viewbox=\"0 0 448 512\"><path d=\"M438.6 278.6l-160 160C272.4 444.9 264.2 448 256 448s-16.38-3.125-22.62-9.375c-12.5-12.5-12.5-32.75 0-45.25L338.8 288H32C14.33 288 .0016 273.7 .0016 256S14.33 224 32 224h306.8l-105.4-105.4c-12.5-12.5-12.5-32.75 0-45.25s32.75-12.5 45.25 0l160 160C451.1 245.9 451.1 266.1 438.6 278.6z\"><\/path><\/svg><\/span><\/a><\/div><\/div>\n<\/div><\/div>\n\n<\/div>\n<\/div>\n<\/div>\n<\/div>\n\n<div class=\"wp-block-columns alignwide are-vertically-aligned-center eplus-wrapper is-layout-flex wp-container-core-columns-is-layout-4 wp-block-columns-is-layout-flex\">\n<div class=\"wp-block-column is-vertically-aligned-center eplus-wrapper is-layout-constrained wp-block-column-is-layout-constrained\" style=\"padding-top:30px;padding-right:30px;padding-bottom:30px;padding-left:30px;flex-basis:97%\">\n<div class=\"wp-block-columns eplus-wrapper is-layout-flex wp-container-core-columns-is-layout-3 wp-block-columns-is-layout-flex\">\n<div class=\"wp-block-column is-vertically-aligned-center eplus-wrapper is-layout-flow wp-block-column-is-layout-flow\" style=\"flex-basis:33.33%\">\n<figure class=\"wp-block-image size-full eplus-wrapper\"><img decoding=\"async\" src=\"http:\/\/thedang.co.kr\/wp-content\/uploads\/2022\/10\/point_img_01-1.jpg\" alt=\"\" class=\"wp-image-6433\"\/><\/figure>\n<\/div>\n\n<div class=\"wp-block-column is-vertically-aligned-center eplus-wrapper is-layout-flow wp-block-column-is-layout-flow\" style=\"flex-basis:66.66%\">\n<ul class=\"eplus-wrapper\">\n<li>El Programa de Socios es un programa que proporciona puntos apropiados para actividades promocionales de marketing a aquellos que invitan a amigos al sitio Athenahome o promocionan servicios y productos en el sitio Athenahome.<\/li>\n\n<li>Los puntos pueden canjearse por compras en el sitio Athenahome, as\u00ed como donarse o canjearse.<\/li>\n\n<li>El programa de socios permite a cualquiera entrar en nuestro sitio y registrarse como socio, y obtener ingresos de actividades como invitar a amigos a compartir nuestro sitio y compartir URL de productos.<\/li>\n\n<li>El programa genera, calcula y suma autom\u00e1ticamente los resultados de las actividades.<\/li>\n<\/ul>\n<\/div>\n<\/div>\n<\/div>\n<\/div>\n\n<div style=\"height:30px\" aria-hidden=\"true\" class=\"wp-block-spacer eplus-wrapper\"><\/div>\n\n<h3 class=\"wp-block-heading eplus-wrapper\" style=\"font-style:normal;font-weight:500\"><i class=\"fab fa-codepen\"><\/i>  Invite a amigos, socios y colaboradores promocionales  <\/h3>\n\n<div class=\"wp-block-uagb-container uagb-block-83e857c1 alignfull uagb-is-root-container\"><div class=\"uagb-container-inner-blocks-wrap\"><pre>https:\/\/athenahomecare.kr\/?aff= <\/pre>\n\n<div class=\"wp-block-uagb-container uagb-block-5623edb1\">\n<div class=\"wp-block-uagb-container uagb-block-0bdc2a2a\">\n<h2 class=\"wp-block-heading has-text-align-left eplus-wrapper has-ast-global-color-1-color has-text-color\">Invita a tus amigos<\/h2>\n\n<p class=\"has-ast-global-color-2-color has-text-color\">Cuando invitas a un amigo a unirse a Athenahome, tanto el amigo como el miembro invitado recibir\u00e1n puntos en funci\u00f3n de su registro y del valor de su pedido.<\/p>\n\n<pre class=\"wp-block-preformatted has-ast-global-color-2-background-color has-background\">https:\/\/athenahomecare.kr\/?aff= <\/pre>\n<\/div>\n\n<div class=\"wp-block-uagb-container uagb-block-e87ee6a2\">\n<h2 class=\"wp-block-heading eplus-wrapper has-ast-global-color-2-color has-text-color\">Socios promocionales<\/h2>\n\n<p>Aquellos que promocionar\u00e1n con m\u00faltiples influencers, sitios, caf\u00e9s, etc.<\/p>\n\n<p class=\"has-text-align-right eplus-wrapper has-large-font-size\"><i class=\"fas fa-phone\"><\/i>  070 7807 8343<\/p>\n<\/div>\n<\/div>\n<\/div><\/div>\n","protected":false},"excerpt":{"rendered":"<p>Acerca del Programa Partner Invite a amigos, socios y colaboradores promocionales Invita a tus amigos Cuando invitas a un amigo a unirse a Athenahome, tanto el amigo como el miembro invitado recibir\u00e1n puntos en funci\u00f3n de su registro y del valor de su pedido. https:\/\/athenahomecare.kr\/?aff= Socios promocionales Aquellos que promocionar\u00e1n con m\u00faltiples influencers, sitios, caf\u00e9s, [&hellip;]<\/p>\n","protected":false},"author":3,"featured_media":0,"parent":0,"menu_order":0,"comment_status":"closed","ping_status":"closed","template":"","meta":{"_uag_custom_page_level_css":"","site-sidebar-layout":"default","site-content-layout":"","ast-site-content-layout":"","site-content-style":"default","site-sidebar-style":"default","ast-global-header-display":"","ast-banner-title-visibility":"","ast-main-header-display":"","ast-hfb-above-header-display":"","ast-hfb-below-header-display":"","ast-hfb-mobile-header-display":"","site-post-title":"disabled","ast-breadcrumbs-content":"disabled","ast-featured-img":"","footer-sml-layout":"","theme-transparent-header-meta":"","adv-header-id-meta":"","stick-header-meta":"","header-above-stick-meta":"","header-main-stick-meta":"","header-below-stick-meta":"","astra-migrate-meta-layouts":"default","ast-page-background-enabled":"default","ast-page-background-meta":{"desktop":{"background-color":"var(--ast-global-color-4)","background-image":"","background-repeat":"repeat","background-position":"center center","background-size":"auto","background-attachment":"scroll","background-type":"","background-media":"","overlay-type":"","overlay-color":"","overlay-opacity":"","overlay-gradient":""},"tablet":{"background-color":"","background-image":"","background-repeat":"repeat","background-position":"center center","background-size":"auto","background-attachment":"scroll","background-type":"","background-media":"","overlay-type":"","overlay-color":"","overlay-opacity":"","overlay-gradient":""},"mobile":{"background-color":"","background-image":"","background-repeat":"repeat","background-position":"center center","background-size":"auto","background-attachment":"scroll","background-type":"","background-media":"","overlay-type":"","overlay-color":"","overlay-opacity":"","overlay-gradient":""}},"ast-content-background-meta":{"desktop":{"background-color":"var(--ast-global-color-5)","background-image":"","background-repeat":"repeat","background-position":"center center","background-size":"auto","background-attachment":"scroll","background-type":"","background-media":"","overlay-type":"","overlay-color":"","overlay-opacity":"","overlay-gradient":""},"tablet":{"background-color":"var(--ast-global-color-5)","background-image":"","background-repeat":"repeat","background-position":"center center","background-size":"auto","background-attachment":"scroll","background-type":"","background-media":"","overlay-type":"","overlay-color":"","overlay-opacity":"","overlay-gradient":""},"mobile":{"background-color":"var(--ast-global-color-5)","background-image":"","background-repeat":"repeat","background-position":"center center","background-size":"auto","background-attachment":"scroll","background-type":"","background-media":"","overlay-type":"","overlay-color":"","overlay-opacity":"","overlay-gradient":""}},"footnotes":""},"uagb_featured_image_src":{"full":false,"thumbnail":false,"medium":false,"medium_large":false,"large":false,"lws_wr_thumbnail":false,"lws_wr_thumbnail_small":false,"1536x1536":false,"2048x2048":false,"woocommerce_thumbnail":false,"woocommerce_single":false,"woocommerce_gallery_thumbnail":false},"uagb_author_info":{"display_name":"kjsdollkr","author_link":"https:\/\/athenahomecare.kr\/es\/author\/kjsdollkr\/"},"uagb_comment_info":0,"uagb_excerpt":"Acerca del Programa Partner Invite a amigos, socios y colaboradores promocionales Invita a tus amigos Cuando invitas a un amigo a unirse a Athenahome, tanto el amigo como el miembro invitado recibir\u00e1n puntos en funci\u00f3n de su registro y del valor de su pedido. https:\/\/athenahomecare.kr\/?aff= Socios promocionales Aquellos que promocionar\u00e1n con m\u00faltiples influencers, sitios, caf\u00e9s,&hellip;","_links":{"self":[{"href":"https:\/\/athenahomecare.kr\/es\/wp-json\/wp\/v2\/pages\/13688"}],"collection":[{"href":"https:\/\/athenahomecare.kr\/es\/wp-json\/wp\/v2\/pages"}],"about":[{"href":"https:\/\/athenahomecare.kr\/es\/wp-json\/wp\/v2\/types\/page"}],"author":[{"embeddable":true,"href":"https:\/\/athenahomecare.kr\/es\/wp-json\/wp\/v2\/users\/3"}],"replies":[{"embeddable":true,"href":"https:\/\/athenahomecare.kr\/es\/wp-json\/wp\/v2\/comments?post=13688"}],"version-history":[{"count":1,"href":"https:\/\/athenahomecare.kr\/es\/wp-json\/wp\/v2\/pages\/13688\/revisions"}],"predecessor-version":[{"id":13695,"href":"https:\/\/athenahomecare.kr\/es\/wp-json\/wp\/v2\/pages\/13688\/revisions\/13695"}],"wp:attachment":[{"href":"https:\/\/athenahomecare.kr\/es\/wp-json\/wp\/v2\/media?parent=13688"}],"curies":[{"name":"wp","href":"https:\/\/api.w.org\/{rel}","templated":true}]}}