{"id":13762,"date":"2022-11-18T17:08:54","date_gmt":"2022-11-18T08:08:54","guid":{"rendered":"https:\/\/athenahomecare.kr\/productos-del-programa-de-socios\/"},"modified":"2023-09-16T10:53:42","modified_gmt":"2023-09-16T01:53:42","slug":"productos-del-programa-de-socios","status":"publish","type":"page","link":"https:\/\/athenahomecare.kr\/es\/productos-del-programa-de-socios\/","title":{"rendered":"Productos del programa de socios"},"content":{"rendered":"\n<h2 class=\"has-text-align-center has-large-font-size eplus-wrapper wp-block-heading\">Productos del programa de socios<\/h2>\n\n<div style=\"height:70px\" aria-hidden=\"true\" class=\"wp-block-spacer eplus-wrapper\"><\/div>\n<div class=\"wpv-view-output\" data-toolset-views-view-editor=\"0c71cabe85828c89189705c208ba047b\"><div class=\"wp-block-toolset-views-view-editor\"><div id=\"wpv-view-layout-7713\" class=\"js-wpv-view-layout js-wpv-layout-responsive js-wpv-view-layout-7713\" data-viewnumber=\"7713\" data-pagination=\"{&quot;id&quot;:7713,&quot;query&quot;:&quot;normal&quot;,&quot;type&quot;:&quot;paged&quot;,&quot;effect&quot;:&quot;fade&quot;,&quot;duration&quot;:500,&quot;speed&quot;:5,&quot;pause_on_hover&quot;:&quot;disabled&quot;,&quot;stop_rollover&quot;:&quot;false&quot;,&quot;cache_pages&quot;:&quot;enabled&quot;,&quot;preload_images&quot;:&quot;enabled&quot;,&quot;preload_pages&quot;:&quot;enabled&quot;,&quot;preload_reach&quot;:1,&quot;spinner&quot;:&quot;builtin&quot;,&quot;spinner_image&quot;:&quot;https:\/\/athenahomecare.kr\/wp-content\/plugins\/toolset-blocks\/embedded\/res\/img\/ajax-loader.svg&quot;,&quot;callback_next&quot;:&quot;&quot;,&quot;manage_history&quot;:&quot;enabled&quot;,&quot;has_controls_in_form&quot;:&quot;disabled&quot;,&quot;infinite_tolerance&quot;:&quot;0&quot;,&quot;max_pages&quot;:1,&quot;page&quot;:1,&quot;base_permalink&quot;:&quot;\/es\/wp-json\/wp\/v2\/pages\/13762?wpv_view_count=7713&amp;wpv_paged=WPV_PAGE_NUM&quot;,&quot;loop&quot;:{&quot;type&quot;:&quot;&quot;,&quot;name&quot;:&quot;&quot;,&quot;data&quot;:[],&quot;id&quot;:0}}\" data-permalink=\"\/es\/wp-json\/wp\/v2\/pages\/13762?wpv_view_count=7713\">\n<div class=\"js-wpv-loop-wrapper\"><div class=\"tb-grid\"><div class=\"tb-grid-column\">\n<div class=\"wp-block-toolset-views-view-template-block wpv-block-loop-item php-to-be-replaced-with-shortcode\" data-toolset-views-view-template-block=\"1274aa789d59fa0aa79693866c1460dc\">\n<div class=\"wp-block-toolset-blocks-grid tb-grid\" data-toolset-blocks-grid=\"1d07066eb7d8a34c020695dc0ad0f62f\">\n<div class=\"wp-block-toolset-blocks-grid-column tb-grid-column tb-grid-align-center\" data-toolset-blocks-grid-column=\"4c9dad5a159201dbb49b899b2db37929\">\n<figure class=\"wp-block-image tb-image tb-image-dynamic tb-image-frame-none\" data-toolset-blocks-image=\"f495ef236f17a53e9c7e01b986819234\"><a href=\"https:\/\/athenahomecare.kr\/es\/producto\/calcetines-diabeticos-antibacterianos-para-mediados-de-verano-chromi-calcetines\/\" target=\"_blank\" rel=\"noreferrer noopener\"><img decoding=\"async\" width=\"300\" height=\"300\" loading=\"lazy\" src=\"https:\/\/athenahomecare.kr\/wp-content\/uploads\/2023\/06\/\ub0a8\uc131-\uc5ec\uc131-\uc911\ubaa9\ud328\ud0a4\uc9c0-500-300x300.jpg\" alt=\"\" class=\"wp-image-12361\" srcset=\"https:\/\/athenahomecare.kr\/wp-content\/uploads\/2023\/06\/\ub0a8\uc131-\uc5ec\uc131-\uc911\ubaa9\ud328\ud0a4\uc9c0-500-300x300.jpg 300w, https:\/\/athenahomecare.kr\/wp-content\/uploads\/2023\/06\/\ub0a8\uc131-\uc5ec\uc131-\uc911\ubaa9\ud328\ud0a4\uc9c0-500-150x150.jpg 150w, https:\/\/athenahomecare.kr\/wp-content\/uploads\/2023\/06\/\ub0a8\uc131-\uc5ec\uc131-\uc911\ubaa9\ud328\ud0a4\uc9c0-500-96x96.jpg 96w, https:\/\/athenahomecare.kr\/wp-content\/uploads\/2023\/06\/\ub0a8\uc131-\uc5ec\uc131-\uc911\ubaa9\ud328\ud0a4\uc9c0-500-42x42.jpg 42w, https:\/\/athenahomecare.kr\/wp-content\/uploads\/2023\/06\/\ub0a8\uc131-\uc5ec\uc131-\uc911\ubaa9\ud328\ud0a4\uc9c0-500-100x100.jpg 100w, https:\/\/athenahomecare.kr\/wp-content\/uploads\/2023\/06\/\ub0a8\uc131-\uc5ec\uc131-\uc911\ubaa9\ud328\ud0a4\uc9c0-500.jpg 500w\" sizes=\"(max-width: 300px) 100vw, 300px\" \/><\/a><\/figure>\n<\/div>\n\n\n\n<div class=\"wp-block-toolset-blocks-grid-column tb-grid-column tb-grid-align-top\" data-toolset-blocks-grid-column=\"80d7cfd553fd072b12e31b5a94bf9e99\">\n<h4 class=\"tb-heading\" data-toolset-blocks-heading=\"5075a23190703fe2ad922354a24f903f\" data-last-update=\"1.4\"><a href=\"https:\/\/athenahomecare.kr\/es\/producto\/calcetines-diabeticos-antibacterianos-para-mediados-de-verano-chromi-calcetines\/\">Calcetines diab\u00e9ticos antibacterianos para mediados de verano chromi calcetines<\/a><\/h4>\n\n\n\n<p class=\"eplus-wrapper\"><\/p>\n\n\n\n<div class=\"wp-block-columns eplus-wrapper is-layout-flex wp-container-core-columns-is-layout-3 wp-block-columns-is-layout-flex\">\n<div class=\"wp-block-column eplus-wrapper is-layout-flow wp-block-column-is-layout-flow\">\n<div data-woocommerce-views-product-price=\"16070e906ef03477978d38cdef56bc4f\" class=\"wp-block-woocommerce-views-product-price wooviews-product-price\"><p class=\"price wooviews-product-price\"><del aria-hidden=\"true\"><span class=\"woocommerce-Price-amount amount\"><bdi><span class=\"woocommerce-Price-currencySymbol\">&#8361;<\/span>9,000<\/bdi><\/span><\/del> <span class=\"screen-reader-text\">El precio original era: &#8361;9,000.<\/span><ins aria-hidden=\"true\"><span class=\"woocommerce-Price-amount amount\"><bdi><span class=\"woocommerce-Price-currencySymbol\">&#8361;<\/span>7,500<\/bdi><\/span><\/ins><span class=\"screen-reader-text\">El precio actual es: &#8361;7,500.<\/span><\/p><\/div>\n<\/div>\n\n\n\n<div class=\"wp-block-column eplus-wrapper is-layout-flow wp-block-column-is-layout-flow\">\n<p class=\"eplus-wrapper\">\uc218\uc218\ub8cc :\u00a0 %<\/p>\n<\/div>\n\n\n\n<div class=\"wp-block-column eplus-wrapper is-layout-flow wp-block-column-is-layout-flow\"><\/div>\n\n\n\n<div class=\"wp-block-column eplus-wrapper is-layout-flow wp-block-column-is-layout-flow\"><\/div>\n<\/div>\n\n\n\n<div class=\"wp-block-columns eplus-wrapper is-layout-flex wp-container-core-columns-is-layout-4 wp-block-columns-is-layout-flex\">\n<div class=\"wp-block-column eplus-wrapper is-layout-flow wp-block-column-is-layout-flow\" style=\"flex-basis:75%\"><pre>https:\/\/athenahomecare.kr\/calcetines-diabeticos-antibacterianos-para-mediados-de-verano-chromi-calcetines?aff=<\/pre>\n<\/div>\n\n\n\n<div class=\"wp-block-column is-vertically-aligned-center eplus-wrapper is-layout-flow wp-block-column-is-layout-flow\" style=\"flex-basis:25%\">\n<figure class=\"wp-block-image size-full is-resized eplus-wrapper\"><img loading=\"lazy\" decoding=\"async\" width=\"150\" height=\"150\" src=\"http:\/\/athenahomecare.kr\/wp-content\/uploads\/2023\/12\/qrcode-150x150-1.jpg\" alt=\"\" class=\"wp-image-14116\" style=\"width:79px;height:79px\" srcset=\"https:\/\/athenahomecare.kr\/wp-content\/uploads\/2023\/12\/qrcode-150x150-1.jpg 150w, https:\/\/athenahomecare.kr\/wp-content\/uploads\/2023\/12\/qrcode-150x150-1-96x96.jpg 96w, https:\/\/athenahomecare.kr\/wp-content\/uploads\/2023\/12\/qrcode-150x150-1-42x42.jpg 42w, https:\/\/athenahomecare.kr\/wp-content\/uploads\/2023\/12\/qrcode-150x150-1-100x100.jpg 100w\" sizes=\"(max-width: 150px) 100vw, 150px\" \/><\/figure>\n<\/div>\n<\/div>\n<\/div>\n<\/div>\n<\/div>\n<\/div><div class=\"tb-grid-column\">\n<div class=\"wp-block-toolset-views-view-template-block wpv-block-loop-item php-to-be-replaced-with-shortcode\" data-toolset-views-view-template-block=\"1274aa789d59fa0aa79693866c1460dc\">\n<div class=\"wp-block-toolset-blocks-grid tb-grid\" data-toolset-blocks-grid=\"1d07066eb7d8a34c020695dc0ad0f62f\">\n<div class=\"wp-block-toolset-blocks-grid-column tb-grid-column tb-grid-align-center\" data-toolset-blocks-grid-column=\"4c9dad5a159201dbb49b899b2db37929\">\n<figure class=\"wp-block-image tb-image tb-image-dynamic tb-image-frame-none\" data-toolset-blocks-image=\"f495ef236f17a53e9c7e01b986819234\"><a href=\"https:\/\/athenahomecare.kr\/es\/producto\/cuidado-de-los-pies-sin-presiones-calcetines-antibacterianos-sin-apretar-para-diabeticos-calcetines-cromicos\/\" target=\"_blank\" rel=\"noreferrer noopener\"><img decoding=\"async\" width=\"300\" height=\"300\" loading=\"lazy\" src=\"https:\/\/athenahomecare.kr\/wp-content\/uploads\/2022\/10\/\ud06c\ub85c\ubbf8-\ub0a8\uc131\uc5ec\uc131-300x300.jpg\" alt=\"\" class=\"wp-image-11961\" srcset=\"https:\/\/athenahomecare.kr\/wp-content\/uploads\/2022\/10\/\ud06c\ub85c\ubbf8-\ub0a8\uc131\uc5ec\uc131-300x300.jpg 300w, https:\/\/athenahomecare.kr\/wp-content\/uploads\/2022\/10\/\ud06c\ub85c\ubbf8-\ub0a8\uc131\uc5ec\uc131-150x150.jpg 150w, https:\/\/athenahomecare.kr\/wp-content\/uploads\/2022\/10\/\ud06c\ub85c\ubbf8-\ub0a8\uc131\uc5ec\uc131-100x100.jpg 100w, https:\/\/athenahomecare.kr\/wp-content\/uploads\/2022\/10\/\ud06c\ub85c\ubbf8-\ub0a8\uc131\uc5ec\uc131.jpg 500w\" sizes=\"(max-width: 300px) 100vw, 300px\" \/><\/a><\/figure>\n<\/div>\n\n\n\n<div class=\"wp-block-toolset-blocks-grid-column tb-grid-column tb-grid-align-top\" data-toolset-blocks-grid-column=\"80d7cfd553fd072b12e31b5a94bf9e99\">\n<h4 class=\"tb-heading\" data-toolset-blocks-heading=\"5075a23190703fe2ad922354a24f903f\" data-last-update=\"1.4\"><a href=\"https:\/\/athenahomecare.kr\/es\/producto\/cuidado-de-los-pies-sin-presiones-calcetines-antibacterianos-sin-apretar-para-diabeticos-calcetines-cromicos\/\">Cuidado de los pies sin presiones Calcetines antibacterianos sin apretar para diab\u00e9ticos Calcetines cr\u00f3micos<\/a><\/h4>\n\n\n\n<p class=\"eplus-wrapper\">Calcetines antibacterianos para diab\u00e9ticos que protegen las heridas sin dejar marcas de presi\u00f3n<\/p>\n\n\n\n<div class=\"wp-block-columns eplus-wrapper is-layout-flex wp-container-core-columns-is-layout-3 wp-block-columns-is-layout-flex\">\n<div class=\"wp-block-column eplus-wrapper is-layout-flow wp-block-column-is-layout-flow\">\n<div data-woocommerce-views-product-price=\"16070e906ef03477978d38cdef56bc4f\" class=\"wp-block-woocommerce-views-product-price wooviews-product-price\"><p class=\"price wooviews-product-price\"><del aria-hidden=\"true\"><span class=\"woocommerce-Price-amount amount\"><bdi><span class=\"woocommerce-Price-currencySymbol\">&#8361;<\/span>10,000<\/bdi><\/span><\/del> <span class=\"screen-reader-text\">El precio original era: &#8361;10,000.<\/span><ins aria-hidden=\"true\"><span class=\"woocommerce-Price-amount amount\"><bdi><span class=\"woocommerce-Price-currencySymbol\">&#8361;<\/span>8,000<\/bdi><\/span><\/ins><span class=\"screen-reader-text\">El precio actual es: &#8361;8,000.<\/span><\/p><\/div>\n<\/div>\n\n\n\n<div class=\"wp-block-column eplus-wrapper is-layout-flow wp-block-column-is-layout-flow\">\n<p class=\"eplus-wrapper\">\uc218\uc218\ub8cc :\u00a0 %<\/p>\n<\/div>\n\n\n\n<div class=\"wp-block-column eplus-wrapper is-layout-flow wp-block-column-is-layout-flow\"><\/div>\n\n\n\n<div class=\"wp-block-column eplus-wrapper is-layout-flow wp-block-column-is-layout-flow\"><\/div>\n<\/div>\n\n\n\n<div class=\"wp-block-columns eplus-wrapper is-layout-flex wp-container-core-columns-is-layout-4 wp-block-columns-is-layout-flex\">\n<div class=\"wp-block-column eplus-wrapper is-layout-flow wp-block-column-is-layout-flow\" style=\"flex-basis:75%\"><pre>https:\/\/athenahomecare.kr\/cuidado-de-los-pies-sin-presiones-calcetines-antibacterianos-sin-apretar-para-diabeticos-calcetines-cromicos?aff=<\/pre>\n<\/div>\n\n\n\n<div class=\"wp-block-column is-vertically-aligned-center eplus-wrapper is-layout-flow wp-block-column-is-layout-flow\" style=\"flex-basis:25%\">\n<figure class=\"wp-block-image size-full is-resized eplus-wrapper\"><img loading=\"lazy\" decoding=\"async\" width=\"150\" height=\"150\" src=\"http:\/\/athenahomecare.kr\/wp-content\/uploads\/2023\/12\/qrcode-150x150-1.jpg\" alt=\"\" class=\"wp-image-14116\" style=\"width:79px;height:79px\" srcset=\"https:\/\/athenahomecare.kr\/wp-content\/uploads\/2023\/12\/qrcode-150x150-1.jpg 150w, https:\/\/athenahomecare.kr\/wp-content\/uploads\/2023\/12\/qrcode-150x150-1-96x96.jpg 96w, https:\/\/athenahomecare.kr\/wp-content\/uploads\/2023\/12\/qrcode-150x150-1-42x42.jpg 42w, https:\/\/athenahomecare.kr\/wp-content\/uploads\/2023\/12\/qrcode-150x150-1-100x100.jpg 100w\" sizes=\"(max-width: 150px) 100vw, 150px\" \/><\/figure>\n<\/div>\n<\/div>\n<\/div>\n<\/div>\n<\/div>\n<\/div><div class=\"tb-grid-column\">\n<div class=\"wp-block-toolset-views-view-template-block wpv-block-loop-item php-to-be-replaced-with-shortcode\" data-toolset-views-view-template-block=\"1274aa789d59fa0aa79693866c1460dc\">\n<div class=\"wp-block-toolset-blocks-grid tb-grid\" data-toolset-blocks-grid=\"1d07066eb7d8a34c020695dc0ad0f62f\">\n<div class=\"wp-block-toolset-blocks-grid-column tb-grid-column tb-grid-align-center\" data-toolset-blocks-grid-column=\"4c9dad5a159201dbb49b899b2db37929\">\n<figure class=\"wp-block-image tb-image tb-image-dynamic tb-image-frame-none\" data-toolset-blocks-image=\"f495ef236f17a53e9c7e01b986819234\"><a href=\"https:\/\/athenahomecare.kr\/es\/producto\/jabon-ligeramente-acido-para-pieles-con-picores-secas-y-problematicas-three-momsjabon-de-agua-ligeramente-acido\/\" target=\"_blank\" rel=\"noreferrer noopener\"><img decoding=\"async\" width=\"300\" height=\"300\" loading=\"lazy\" src=\"https:\/\/athenahomecare.kr\/wp-content\/uploads\/2022\/10\/\uc4f0\ub9ac\ub9d8\uc57d\uc0b0\uc131\ubb3c\ube44\ub204-\uc6a9\uae30\uc640\ud328\ud0a4\uc9c0500-300x300.jpg\" alt=\"\" class=\"wp-image-12329\" srcset=\"https:\/\/athenahomecare.kr\/wp-content\/uploads\/2022\/10\/\uc4f0\ub9ac\ub9d8\uc57d\uc0b0\uc131\ubb3c\ube44\ub204-\uc6a9\uae30\uc640\ud328\ud0a4\uc9c0500-300x300.jpg 300w, https:\/\/athenahomecare.kr\/wp-content\/uploads\/2022\/10\/\uc4f0\ub9ac\ub9d8\uc57d\uc0b0\uc131\ubb3c\ube44\ub204-\uc6a9\uae30\uc640\ud328\ud0a4\uc9c0500-150x150.jpg 150w, https:\/\/athenahomecare.kr\/wp-content\/uploads\/2022\/10\/\uc4f0\ub9ac\ub9d8\uc57d\uc0b0\uc131\ubb3c\ube44\ub204-\uc6a9\uae30\uc640\ud328\ud0a4\uc9c0500-96x96.jpg 96w, https:\/\/athenahomecare.kr\/wp-content\/uploads\/2022\/10\/\uc4f0\ub9ac\ub9d8\uc57d\uc0b0\uc131\ubb3c\ube44\ub204-\uc6a9\uae30\uc640\ud328\ud0a4\uc9c0500-42x42.jpg 42w, https:\/\/athenahomecare.kr\/wp-content\/uploads\/2022\/10\/\uc4f0\ub9ac\ub9d8\uc57d\uc0b0\uc131\ubb3c\ube44\ub204-\uc6a9\uae30\uc640\ud328\ud0a4\uc9c0500-100x100.jpg 100w, https:\/\/athenahomecare.kr\/wp-content\/uploads\/2022\/10\/\uc4f0\ub9ac\ub9d8\uc57d\uc0b0\uc131\ubb3c\ube44\ub204-\uc6a9\uae30\uc640\ud328\ud0a4\uc9c0500.jpg 500w\" sizes=\"(max-width: 300px) 100vw, 300px\" \/><\/a><\/figure>\n<\/div>\n\n\n\n<div class=\"wp-block-toolset-blocks-grid-column tb-grid-column tb-grid-align-top\" data-toolset-blocks-grid-column=\"80d7cfd553fd072b12e31b5a94bf9e99\">\n<h4 class=\"tb-heading\" data-toolset-blocks-heading=\"5075a23190703fe2ad922354a24f903f\" data-last-update=\"1.4\"><a href=\"https:\/\/athenahomecare.kr\/es\/producto\/jabon-ligeramente-acido-para-pieles-con-picores-secas-y-problematicas-three-momsjabon-de-agua-ligeramente-acido\/\">Jab\u00f3n ligeramente \u00e1cido para pieles con picores, secas y problem\u00e1ticas Three MomsJab\u00f3n de agua ligeramente \u00e1cido<\/a><\/h4>\n\n\n\n<p class=\"eplus-wrapper\">Jab\u00f3n de agua ligeramente \u00e1cida sin sulfamidas<\/p>\n\n\n\n<div class=\"wp-block-columns eplus-wrapper is-layout-flex wp-container-core-columns-is-layout-3 wp-block-columns-is-layout-flex\">\n<div class=\"wp-block-column eplus-wrapper is-layout-flow wp-block-column-is-layout-flow\">\n<div data-woocommerce-views-product-price=\"16070e906ef03477978d38cdef56bc4f\" class=\"wp-block-woocommerce-views-product-price wooviews-product-price\"><p class=\"price wooviews-product-price\"><del aria-hidden=\"true\"><span class=\"woocommerce-Price-amount amount\"><bdi><span class=\"woocommerce-Price-currencySymbol\">&#8361;<\/span>11,000<\/bdi><\/span><\/del> <span class=\"screen-reader-text\">El precio original era: &#8361;11,000.<\/span><ins aria-hidden=\"true\"><span class=\"woocommerce-Price-amount amount\"><bdi><span class=\"woocommerce-Price-currencySymbol\">&#8361;<\/span>9,000<\/bdi><\/span><\/ins><span class=\"screen-reader-text\">El precio actual es: &#8361;9,000.<\/span><\/p><\/div>\n<\/div>\n\n\n\n<div class=\"wp-block-column eplus-wrapper is-layout-flow wp-block-column-is-layout-flow\">\n<p class=\"eplus-wrapper\">\uc218\uc218\ub8cc :\u00a0 %<\/p>\n<\/div>\n\n\n\n<div class=\"wp-block-column eplus-wrapper is-layout-flow wp-block-column-is-layout-flow\"><\/div>\n\n\n\n<div class=\"wp-block-column eplus-wrapper is-layout-flow wp-block-column-is-layout-flow\"><\/div>\n<\/div>\n\n\n\n<div class=\"wp-block-columns eplus-wrapper is-layout-flex wp-container-core-columns-is-layout-4 wp-block-columns-is-layout-flex\">\n<div class=\"wp-block-column eplus-wrapper is-layout-flow wp-block-column-is-layout-flow\" style=\"flex-basis:75%\"><pre>https:\/\/athenahomecare.kr\/jabon-ligeramente-acido-para-pieles-con-picores-secas-y-problematicas-three-momsjabon-de-agua-ligeramente-acido?aff=<\/pre>\n<\/div>\n\n\n\n<div class=\"wp-block-column is-vertically-aligned-center eplus-wrapper is-layout-flow wp-block-column-is-layout-flow\" style=\"flex-basis:25%\">\n<figure class=\"wp-block-image size-full is-resized eplus-wrapper\"><img loading=\"lazy\" decoding=\"async\" width=\"150\" height=\"150\" src=\"http:\/\/athenahomecare.kr\/wp-content\/uploads\/2023\/12\/qrcode-150x150-1.jpg\" alt=\"\" class=\"wp-image-14116\" style=\"width:79px;height:79px\" srcset=\"https:\/\/athenahomecare.kr\/wp-content\/uploads\/2023\/12\/qrcode-150x150-1.jpg 150w, https:\/\/athenahomecare.kr\/wp-content\/uploads\/2023\/12\/qrcode-150x150-1-96x96.jpg 96w, https:\/\/athenahomecare.kr\/wp-content\/uploads\/2023\/12\/qrcode-150x150-1-42x42.jpg 42w, https:\/\/athenahomecare.kr\/wp-content\/uploads\/2023\/12\/qrcode-150x150-1-100x100.jpg 100w\" sizes=\"(max-width: 150px) 100vw, 150px\" \/><\/figure>\n<\/div>\n<\/div>\n<\/div>\n<\/div>\n<\/div>\n<\/div><\/div><\/div>\n\n\n<div class=\"wpv-pagination-nav-links\" data-toolset-views-view-pagination-block=\"6fc456e0d2a0e638575b0db58ccb05eb\"><\/div>\n<\/div><\/div><form autocomplete=\"off\" name=\"wpv-filter-7713\" action=\"\/es\/wp-json\/wp\/v2\/pages\/13762?wpv_view_count=7713\" method=\"get\" class=\"wpv-filter-form js-wpv-filter-form js-wpv-filter-form-7713 js-wpv-form-full\" data-viewnumber=\"7713\" data-viewid=\"7713\" data-viewhash=\"eyJuYW1lIjoicGFydG5lci1wcm9kdWN0LW5vcm1hbC1jb3B5LTE2Njc1NDQ1ODEifQ==\" data-viewwidgetid=\"0\" data-orderby=\"\" data-order=\"\" data-orderbyas=\"\" data-orderbysecond=\"\" data-ordersecond=\"\" data-parametric=\"{&quot;query&quot;:&quot;normal&quot;,&quot;id&quot;:7713,&quot;view_id&quot;:7713,&quot;widget_id&quot;:0,&quot;view_hash&quot;:&quot;7713&quot;,&quot;action&quot;:&quot;\\\/es\\\/wp-json\\\/wp\\\/v2\\\/pages\\\/13762?wpv_view_count=7713&quot;,&quot;sort&quot;:{&quot;orderby&quot;:&quot;&quot;,&quot;order&quot;:&quot;&quot;,&quot;orderby_as&quot;:&quot;&quot;,&quot;orderby_second&quot;:&quot;&quot;,&quot;order_second&quot;:&quot;&quot;},&quot;orderby&quot;:&quot;&quot;,&quot;order&quot;:&quot;&quot;,&quot;orderby_as&quot;:&quot;&quot;,&quot;orderby_second&quot;:&quot;&quot;,&quot;order_second&quot;:&quot;&quot;,&quot;ajax_form&quot;:&quot;&quot;,&quot;ajax_results&quot;:&quot;&quot;,&quot;effect&quot;:&quot;fade&quot;,&quot;prebefore&quot;:&quot;&quot;,&quot;before&quot;:&quot;&quot;,&quot;after&quot;:&quot;&quot;,&quot;attributes&quot;:[],&quot;environment&quot;:{&quot;current_post_id&quot;:13762,&quot;parent_post_id&quot;:13762,&quot;parent_term_id&quot;:0,&quot;parent_user_id&quot;:0,&quot;archive&quot;:{&quot;type&quot;:&quot;&quot;,&quot;name&quot;:&quot;&quot;,&quot;data&quot;:[]}},&quot;loop&quot;:{&quot;type&quot;:&quot;&quot;,&quot;name&quot;:&quot;&quot;,&quot;data&quot;:[],&quot;id&quot;:0}}\" data-attributes=\"[]\" data-environment=\"{&quot;current_post_id&quot;:13762,&quot;parent_post_id&quot;:13762,&quot;parent_term_id&quot;:0,&quot;parent_user_id&quot;:0,&quot;archive&quot;:{&quot;type&quot;:&quot;&quot;,&quot;name&quot;:&quot;&quot;,&quot;data&quot;:[]}}\"><input type=\"hidden\" class=\"js-wpv-dps-filter-data js-wpv-filter-data-for-this-form\" data-action=\"\/es\/wp-json\/wp\/v2\/pages\/13762?wpv_view_count=7713\" data-page=\"1\" data-ajax=\"disable\" data-effect=\"fade\" data-maxpages=\"1\" data-ajaxprebefore=\"\" data-ajaxbefore=\"\" data-ajaxafter=\"\" \/><input class=\"wpv_view_count wpv_view_count-7713\" type=\"hidden\" name=\"wpv_view_count\" value=\"7713\" \/>\n\n<\/form><\/div>","protected":false},"excerpt":{"rendered":"<p>Productos del programa de socios<\/p>\n","protected":false},"author":1,"featured_media":0,"parent":0,"menu_order":0,"comment_status":"closed","ping_status":"closed","template":"","meta":{"_uag_custom_page_level_css":"","site-sidebar-layout":"default","site-content-layout":"","ast-site-content-layout":"","site-content-style":"default","site-sidebar-style":"default","ast-global-header-display":"","ast-banner-title-visibility":"","ast-main-header-display":"","ast-hfb-above-header-display":"","ast-hfb-below-header-display":"","ast-hfb-mobile-header-display":"","site-post-title":"disabled","ast-breadcrumbs-content":"disabled","ast-featured-img":"","footer-sml-layout":"","theme-transparent-header-meta":"","adv-header-id-meta":"","stick-header-meta":"","header-above-stick-meta":"","header-main-stick-meta":"","header-below-stick-meta":"","astra-migrate-meta-layouts":"default","ast-page-background-enabled":"default","ast-page-background-meta":{"desktop":{"background-color":"var(--ast-global-color-4)","background-image":"","background-repeat":"repeat","background-position":"center center","background-size":"auto","background-attachment":"scroll","background-type":"","background-media":"","overlay-type":"","overlay-color":"","overlay-opacity":"","overlay-gradient":""},"tablet":{"background-color":"","background-image":"","background-repeat":"repeat","background-position":"center center","background-size":"auto","background-attachment":"scroll","background-type":"","background-media":"","overlay-type":"","overlay-color":"","overlay-opacity":"","overlay-gradient":""},"mobile":{"background-color":"","background-image":"","background-repeat":"repeat","background-position":"center center","background-size":"auto","background-attachment":"scroll","background-type":"","background-media":"","overlay-type":"","overlay-color":"","overlay-opacity":"","overlay-gradient":""}},"ast-content-background-meta":{"desktop":{"background-color":"var(--ast-global-color-5)","background-image":"","background-repeat":"repeat","background-position":"center center","background-size":"auto","background-attachment":"scroll","background-type":"","background-media":"","overlay-type":"","overlay-color":"","overlay-opacity":"","overlay-gradient":""},"tablet":{"background-color":"var(--ast-global-color-5)","background-image":"","background-repeat":"repeat","background-position":"center center","background-size":"auto","background-attachment":"scroll","background-type":"","background-media":"","overlay-type":"","overlay-color":"","overlay-opacity":"","overlay-gradient":""},"mobile":{"background-color":"var(--ast-global-color-5)","background-image":"","background-repeat":"repeat","background-position":"center center","background-size":"auto","background-attachment":"scroll","background-type":"","background-media":"","overlay-type":"","overlay-color":"","overlay-opacity":"","overlay-gradient":""}},"footnotes":""},"uagb_featured_image_src":{"full":false,"thumbnail":false,"medium":false,"medium_large":false,"large":false,"lws_wr_thumbnail":false,"lws_wr_thumbnail_small":false,"1536x1536":false,"2048x2048":false,"woocommerce_thumbnail":false,"woocommerce_single":false,"woocommerce_gallery_thumbnail":false},"uagb_author_info":{"display_name":"sohae2100","author_link":"https:\/\/athenahomecare.kr\/es\/author\/sohae2100\/"},"uagb_comment_info":0,"uagb_excerpt":"Productos del programa de socios","_links":{"self":[{"href":"https:\/\/athenahomecare.kr\/es\/wp-json\/wp\/v2\/pages\/13762"}],"collection":[{"href":"https:\/\/athenahomecare.kr\/es\/wp-json\/wp\/v2\/pages"}],"about":[{"href":"https:\/\/athenahomecare.kr\/es\/wp-json\/wp\/v2\/types\/page"}],"author":[{"embeddable":true,"href":"https:\/\/athenahomecare.kr\/es\/wp-json\/wp\/v2\/users\/1"}],"replies":[{"embeddable":true,"href":"https:\/\/athenahomecare.kr\/es\/wp-json\/wp\/v2\/comments?post=13762"}],"version-history":[{"count":1,"href":"https:\/\/athenahomecare.kr\/es\/wp-json\/wp\/v2\/pages\/13762\/revisions"}],"predecessor-version":[{"id":13766,"href":"https:\/\/athenahomecare.kr\/es\/wp-json\/wp\/v2\/pages\/13762\/revisions\/13766"}],"wp:attachment":[{"href":"https:\/\/athenahomecare.kr\/es\/wp-json\/wp\/v2\/media?parent=13762"}],"curies":[{"name":"wp","href":"https:\/\/api.w.org\/{rel}","templated":true}]}}