{"id":13525,"date":"2022-10-19T14:35:48","date_gmt":"2022-10-19T05:35:48","guid":{"rendered":"https:\/\/athenahomecare.kr\/product\/cuidado-de-los-pies-sin-presiones-calcetines-antibacterianos-sin-apretar-para-diabeticos-calcetines-cromicos\/"},"modified":"2023-09-14T16:51:18","modified_gmt":"2023-09-14T07:51:18","slug":"cuidado-de-los-pies-sin-presiones-calcetines-antibacterianos-sin-apretar-para-diabeticos-calcetines-cromicos","status":"publish","type":"product","link":"https:\/\/athenahomecare.kr\/es\/producto\/cuidado-de-los-pies-sin-presiones-calcetines-antibacterianos-sin-apretar-para-diabeticos-calcetines-cromicos\/","title":{"rendered":"Cuidado de los pies sin presiones Calcetines antibacterianos sin apretar para diab\u00e9ticos Calcetines cr\u00f3micos"},"content":{"rendered":"<p style=\"text-align: center;\"><img loading=\"lazy\" decoding=\"async\" width=\"698\" height=\"76\" class=\"alignnone wp-image-11239\" src=\"http:\/\/athenahomecare.kr\/wp-content\/uploads\/2022\/10\/cromi-sock-detail-top.jpg\" alt=\"\" srcset=\"https:\/\/athenahomecare.kr\/wp-content\/uploads\/2022\/10\/cromi-sock-detail-top.jpg 698w, https:\/\/athenahomecare.kr\/wp-content\/uploads\/2022\/10\/cromi-sock-detail-top-300x33.jpg 300w, https:\/\/athenahomecare.kr\/wp-content\/uploads\/2022\/10\/cromi-sock-detail-top-600x65.jpg 600w\" sizes=\"(max-width: 698px) 100vw, 698px\" \/><\/p>\n<p style=\"text-align: center;\">Calcetines antibacterianos sin compresi\u00f3n para diab\u00e9ticos<br \/>\nCalcetines que no aprietan<br \/>\nCalcetines que no corren<br \/>\nCalcetines para proteger los pies<\/p>\n<p style=\"text-align: center;\"><img loading=\"lazy\" decoding=\"async\" width=\"860\" height=\"860\" class=\"size-medium wp-image-11237 aligncenter\" src=\"http:\/\/athenahomecare.kr\/wp-content\/uploads\/2022\/10\/cromi-sock-detail.jpg\" alt=\"\" srcset=\"https:\/\/athenahomecare.kr\/wp-content\/uploads\/2022\/10\/cromi-sock-detail.jpg 860w, https:\/\/athenahomecare.kr\/wp-content\/uploads\/2022\/10\/cromi-sock-detail-300x300.jpg 300w, https:\/\/athenahomecare.kr\/wp-content\/uploads\/2022\/10\/cromi-sock-detail-150x150.jpg 150w, https:\/\/athenahomecare.kr\/wp-content\/uploads\/2022\/10\/cromi-sock-detail-768x768.jpg 768w, https:\/\/athenahomecare.kr\/wp-content\/uploads\/2022\/10\/cromi-sock-detail-600x600.jpg 600w, https:\/\/athenahomecare.kr\/wp-content\/uploads\/2022\/10\/cromi-sock-detail-100x100.jpg 100w\" sizes=\"(max-width: 860px) 100vw, 860px\" \/><\/p>\n<p style=\"text-align: center;\">Pies frecuentemente hinchados<br \/>\nPies marcados<br \/>\nPie herido<br \/>\nPies sudorosos<\/p>\n<p style=\"text-align: center;\"><img loading=\"lazy\" decoding=\"async\" width=\"860\" height=\"860\" class=\"size-medium wp-image-11238 aligncenter\" src=\"http:\/\/athenahomecare.kr\/wp-content\/uploads\/2022\/10\/cromi-sock-detail2.jpg\" alt=\"\" srcset=\"https:\/\/athenahomecare.kr\/wp-content\/uploads\/2022\/10\/cromi-sock-detail2.jpg 860w, https:\/\/athenahomecare.kr\/wp-content\/uploads\/2022\/10\/cromi-sock-detail2-300x300.jpg 300w, https:\/\/athenahomecare.kr\/wp-content\/uploads\/2022\/10\/cromi-sock-detail2-150x150.jpg 150w, https:\/\/athenahomecare.kr\/wp-content\/uploads\/2022\/10\/cromi-sock-detail2-768x768.jpg 768w, https:\/\/athenahomecare.kr\/wp-content\/uploads\/2022\/10\/cromi-sock-detail2-600x600.jpg 600w, https:\/\/athenahomecare.kr\/wp-content\/uploads\/2022\/10\/cromi-sock-detail2-100x100.jpg 100w\" sizes=\"(max-width: 860px) 100vw, 860px\" \/><\/p>\n<p>&nbsp;<\/p>\n<p style=\"text-align: center;\"><strong>Para gente as\u00ed<\/strong><\/p>\n<p style=\"text-align: center;\">Diab\u00e9ticos<br \/>\nMujeres embarazadas<br \/>\nPersonas que suelen tener los pies hinchados<br \/>\nPersonas con pies sudorosos<br \/>\nPersonas con piel sensible<\/p>\n<p style=\"text-align: center;\"><strong>Caracter\u00edsticas de los calcetines Chromy<\/strong><\/p>\n<p><img loading=\"lazy\" decoding=\"async\" width=\"566\" height=\"339\" class=\"size-medium wp-image-11240 aligncenter\" src=\"http:\/\/athenahomecare.kr\/wp-content\/uploads\/2022\/10\/cromi-sock-detail3.jpg\" alt=\"\" srcset=\"https:\/\/athenahomecare.kr\/wp-content\/uploads\/2022\/10\/cromi-sock-detail3.jpg 566w, https:\/\/athenahomecare.kr\/wp-content\/uploads\/2022\/10\/cromi-sock-detail3-300x180.jpg 300w\" sizes=\"(max-width: 566px) 100vw, 566px\" \/><\/p>\n<p>&nbsp;<\/p>\n<p style=\"text-align: center;\"><strong>1. comodidad que no aprieta ni fluye<\/strong><br \/>\n&#8211; El dise\u00f1o de la banda diagonal est\u00e1 pensado para envolver c\u00f3modamente el tobillo sin apretar, pero sin deslizarse hacia abajo.<\/p>\n<p style=\"text-align: center;\"><img loading=\"lazy\" decoding=\"async\" width=\"860\" height=\"535\" class=\"alignnone size-medium wp-image-11241\" src=\"http:\/\/athenahomecare.kr\/wp-content\/uploads\/2022\/10\/cromi-sock-detail4.jpg\" alt=\"\" srcset=\"https:\/\/athenahomecare.kr\/wp-content\/uploads\/2022\/10\/cromi-sock-detail4.jpg 860w, https:\/\/athenahomecare.kr\/wp-content\/uploads\/2022\/10\/cromi-sock-detail4-300x187.jpg 300w, https:\/\/athenahomecare.kr\/wp-content\/uploads\/2022\/10\/cromi-sock-detail4-768x478.jpg 768w, https:\/\/athenahomecare.kr\/wp-content\/uploads\/2022\/10\/cromi-sock-detail4-600x373.jpg 600w\" sizes=\"(max-width: 860px) 100vw, 860px\" \/><\/p>\n<p>&nbsp;<\/p>\n<p style=\"text-align: center;\"><strong>2. ajuste suave<br \/>\n<\/strong>&#8211; mezcla de lycra spandex y algod\u00f3n, suave al tacto.<\/p>\n<p style=\"text-align: center;\"><img loading=\"lazy\" decoding=\"async\" width=\"860\" height=\"1146\" class=\"alignnone size-medium wp-image-11242\" src=\"http:\/\/athenahomecare.kr\/wp-content\/uploads\/2022\/10\/cromi-sock-detail5.jpg\" alt=\"\" srcset=\"https:\/\/athenahomecare.kr\/wp-content\/uploads\/2022\/10\/cromi-sock-detail5.jpg 860w, https:\/\/athenahomecare.kr\/wp-content\/uploads\/2022\/10\/cromi-sock-detail5-225x300.jpg 225w, https:\/\/athenahomecare.kr\/wp-content\/uploads\/2022\/10\/cromi-sock-detail5-768x1023.jpg 768w, https:\/\/athenahomecare.kr\/wp-content\/uploads\/2022\/10\/cromi-sock-detail5-600x800.jpg 600w\" sizes=\"(max-width: 860px) 100vw, 860px\" \/><\/p>\n<p>&nbsp;<\/p>\n<p style=\"text-align: center;\"><strong>3. grosor adecuado<\/strong><br \/>\nSon m\u00e1s gruesos que los calcetines normales para proteger los pies y m\u00e1s finos que los calcetines deportivos para el uso diario.<\/p>\n<p style=\"text-align: center;\"><img loading=\"lazy\" decoding=\"async\" width=\"860\" height=\"1146\" class=\"alignnone size-medium wp-image-11243\" src=\"http:\/\/athenahomecare.kr\/wp-content\/uploads\/2022\/10\/cromi-sock-detail6.jpg\" alt=\"\" srcset=\"https:\/\/athenahomecare.kr\/wp-content\/uploads\/2022\/10\/cromi-sock-detail6.jpg 860w, https:\/\/athenahomecare.kr\/wp-content\/uploads\/2022\/10\/cromi-sock-detail6-225x300.jpg 225w, https:\/\/athenahomecare.kr\/wp-content\/uploads\/2022\/10\/cromi-sock-detail6-768x1023.jpg 768w, https:\/\/athenahomecare.kr\/wp-content\/uploads\/2022\/10\/cromi-sock-detail6-600x800.jpg 600w\" sizes=\"(max-width: 860px) 100vw, 860px\" \/><\/p>\n<p>&nbsp;<\/p>\n<p style=\"text-align: center;\"><strong>4. suave sin dejar marcas en la piel<\/strong><br \/>\nLos calcetines est\u00e1n cosidos a mano, no a m\u00e1quina como los calcetines normales, por lo que no tienen costuras.<br \/>\n<span style=\"font-size: 16px;\">Las costuras son lisas y sin costuras, sin drenaje.<\/span><\/p>\n<p style=\"text-align: center;\"><img loading=\"lazy\" decoding=\"async\" width=\"860\" height=\"645\" class=\"alignnone size-medium wp-image-11244\" src=\"http:\/\/athenahomecare.kr\/wp-content\/uploads\/2022\/10\/cromi-sock-detail7.jpg\" alt=\"\" srcset=\"https:\/\/athenahomecare.kr\/wp-content\/uploads\/2022\/10\/cromi-sock-detail7.jpg 860w, https:\/\/athenahomecare.kr\/wp-content\/uploads\/2022\/10\/cromi-sock-detail7-300x225.jpg 300w, https:\/\/athenahomecare.kr\/wp-content\/uploads\/2022\/10\/cromi-sock-detail7-768x576.jpg 768w, https:\/\/athenahomecare.kr\/wp-content\/uploads\/2022\/10\/cromi-sock-detail7-600x450.jpg 600w\" sizes=\"(max-width: 860px) 100vw, 860px\" \/><\/p>\n<p>&nbsp;<\/p>\n<p style=\"text-align: center;\"><strong>5. aseg\u00farate de que tus tacones son c\u00f3modos<\/strong><br \/>\nSu dise\u00f1o ergon\u00f3mico abraza el tal\u00f3n y no se desliza ni resbala, por lo que resultan c\u00f3modos de llevar.<\/p>\n<p style=\"text-align: center;\"><img loading=\"lazy\" decoding=\"async\" width=\"860\" height=\"645\" class=\"alignnone size-medium wp-image-11245\" src=\"http:\/\/athenahomecare.kr\/wp-content\/uploads\/2022\/10\/cromi-sock-detail8.jpg\" alt=\"\" srcset=\"https:\/\/athenahomecare.kr\/wp-content\/uploads\/2022\/10\/cromi-sock-detail8.jpg 860w, https:\/\/athenahomecare.kr\/wp-content\/uploads\/2022\/10\/cromi-sock-detail8-300x225.jpg 300w, https:\/\/athenahomecare.kr\/wp-content\/uploads\/2022\/10\/cromi-sock-detail8-768x576.jpg 768w, https:\/\/athenahomecare.kr\/wp-content\/uploads\/2022\/10\/cromi-sock-detail8-600x450.jpg 600w\" sizes=\"(max-width: 860px) 100vw, 860px\" \/><\/p>\n<p>&nbsp;<\/p>\n<p style=\"text-align: center;\"><strong>6. tratamiento antimicrobiano<\/strong><br \/>\nProceso de te\u00f1ido especial para inhibir la proliferaci\u00f3n de bacterias El tratamiento antibacteriano inhibe la proliferaci\u00f3n de bacterias que puede producirse en ambientes h\u00famedos en el calzado.<\/p>\n<p style=\"text-align: center;\"><img loading=\"lazy\" decoding=\"async\" width=\"613\" height=\"798\" class=\"alignnone size-medium wp-image-11246\" src=\"http:\/\/athenahomecare.kr\/wp-content\/uploads\/2022\/10\/cromi-sock-detail9.jpg\" alt=\"\" srcset=\"https:\/\/athenahomecare.kr\/wp-content\/uploads\/2022\/10\/cromi-sock-detail9.jpg 613w, https:\/\/athenahomecare.kr\/wp-content\/uploads\/2022\/10\/cromi-sock-detail9-230x300.jpg 230w, https:\/\/athenahomecare.kr\/wp-content\/uploads\/2022\/10\/cromi-sock-detail9-600x781.jpg 600w\" sizes=\"(max-width: 613px) 100vw, 613px\" \/><\/p>\n<p>&nbsp;<\/p>\n<p style=\"text-align: center;\"><strong>Para diab\u00e9ticos<\/strong><br \/>\n<strong>Calcetines sin compresi\u00f3n para el cuidado de los pies<\/strong><br \/>\n<strong>Calcetines Chromie<\/strong><\/p>\n<p>&nbsp;<\/p>\n<p><img loading=\"lazy\" decoding=\"async\" width=\"860\" height=\"494\" class=\"size-medium wp-image-11247 aligncenter\" src=\"http:\/\/athenahomecare.kr\/wp-content\/uploads\/2022\/10\/cromi-sock-detail10.jpg\" alt=\"\" srcset=\"https:\/\/athenahomecare.kr\/wp-content\/uploads\/2022\/10\/cromi-sock-detail10.jpg 860w, https:\/\/athenahomecare.kr\/wp-content\/uploads\/2022\/10\/cromi-sock-detail10-300x172.jpg 300w, https:\/\/athenahomecare.kr\/wp-content\/uploads\/2022\/10\/cromi-sock-detail10-768x441.jpg 768w, https:\/\/athenahomecare.kr\/wp-content\/uploads\/2022\/10\/cromi-sock-detail10-600x345.jpg 600w\" sizes=\"(max-width: 860px) 100vw, 860px\" \/><\/p>\n<p style=\"text-align: center;\"><strong>Para hombres<\/strong><br \/>\n<strong>Tama\u00f1o : Libre<\/strong><br \/>\n<strong>Colores: negro, gris<\/strong><\/p>\n<p>&nbsp;<\/p>\n<p style=\"text-align: center;\"><img loading=\"lazy\" decoding=\"async\" width=\"860\" height=\"615\" class=\"alignnone size-medium wp-image-11248\" src=\"http:\/\/athenahomecare.kr\/wp-content\/uploads\/2022\/10\/cromi-sock-detail11.jpg\" alt=\"\" srcset=\"https:\/\/athenahomecare.kr\/wp-content\/uploads\/2022\/10\/cromi-sock-detail11.jpg 860w, https:\/\/athenahomecare.kr\/wp-content\/uploads\/2022\/10\/cromi-sock-detail11-300x215.jpg 300w, https:\/\/athenahomecare.kr\/wp-content\/uploads\/2022\/10\/cromi-sock-detail11-768x549.jpg 768w, https:\/\/athenahomecare.kr\/wp-content\/uploads\/2022\/10\/cromi-sock-detail11-600x429.jpg 600w\" sizes=\"(max-width: 860px) 100vw, 860px\" \/><\/p>\n<p style=\"text-align: center;\"><strong>Para las mujeres<\/strong><br \/>\n<strong>Tama\u00f1o : Libre<\/strong><br \/>\n<strong>Color: gris<\/strong><\/p>\n<p style=\"text-align: center;\"><img loading=\"lazy\" decoding=\"async\" width=\"242\" height=\"277\" class=\"alignnone size-medium wp-image-11249\" src=\"http:\/\/athenahomecare.kr\/wp-content\/uploads\/2022\/10\/cromi-sock-detail12.jpg\" alt=\"\"><\/p>\n<p style=\"text-align: center;\"><strong>Nombre del producto: Calcetines Chromie<\/strong><br \/>\n<strong>Composici\u00f3n : 78% Algod\u00f3n, 22% Lycra<\/strong><br \/>\n<strong>T\u00edtulo: Tama\u00f1o libre<\/strong><br \/>\n<strong>Pa\u00eds de origen: Made in Korea<\/strong><br \/>\n<strong>Fabricado por: Neotech<\/strong><br \/>\n<strong>Vendedor: Asociaci\u00f3n Cooperativa de Farmacias<\/strong><\/p>\n","protected":false},"excerpt":{"rendered":"<p>Calcetines antibacterianos para diab\u00e9ticos que protegen las heridas sin dejar marcas de presi\u00f3n<\/p>\n","protected":false},"featured_media":11961,"comment_status":"open","ping_status":"closed","template":"","meta":{"_uag_custom_page_level_css":"","site-sidebar-layout":"default","site-content-layout":"default","ast-site-content-layout":"","site-content-style":"default","site-sidebar-style":"default","ast-global-header-display":"","ast-banner-title-visibility":"","ast-main-header-display":"","ast-hfb-above-header-display":"","ast-hfb-below-header-display":"","ast-hfb-mobile-header-display":"","site-post-title":"","ast-breadcrumbs-content":"","ast-featured-img":"","footer-sml-layout":"","theme-transparent-header-meta":"default","adv-header-id-meta":"","stick-header-meta":"default","header-above-stick-meta":"","header-main-stick-meta":"","header-below-stick-meta":"","astra-migrate-meta-layouts":"default","ast-page-background-enabled":"default","ast-page-background-meta":{"desktop":{"background-color":"var(--ast-global-color-4)","background-image":"","background-repeat":"repeat","background-position":"center center","background-size":"auto","background-attachment":"scroll","background-type":"","background-media":"","overlay-type":"","overlay-color":"","overlay-opacity":"","overlay-gradient":""},"tablet":{"background-color":"","background-image":"","background-repeat":"repeat","background-position":"center center","background-size":"auto","background-attachment":"scroll","background-type":"","background-media":"","overlay-type":"","overlay-color":"","overlay-opacity":"","overlay-gradient":""},"mobile":{"background-color":"","background-image":"","background-repeat":"repeat","background-position":"center center","background-size":"auto","background-attachment":"scroll","background-type":"","background-media":"","overlay-type":"","overlay-color":"","overlay-opacity":"","overlay-gradient":""}},"ast-content-background-meta":{"desktop":{"background-color":"var(--ast-global-color-5)","background-image":"","background-repeat":"repeat","background-position":"center center","background-size":"auto","background-attachment":"scroll","background-type":"","background-media":"","overlay-type":"","overlay-color":"","overlay-opacity":"","overlay-gradient":""},"tablet":{"background-color":"var(--ast-global-color-5)","background-image":"","background-repeat":"repeat","background-position":"center center","background-size":"auto","background-attachment":"scroll","background-type":"","background-media":"","overlay-type":"","overlay-color":"","overlay-opacity":"","overlay-gradient":""},"mobile":{"background-color":"var(--ast-global-color-5)","background-image":"","background-repeat":"repeat","background-position":"center center","background-size":"auto","background-attachment":"scroll","background-type":"","background-media":"","overlay-type":"","overlay-color":"","overlay-opacity":"","overlay-gradient":""}}},"product_cat":[218],"product_tag":[228,231,229,230,227],"product-realcategory":[],"product-marketing":[252],"uagb_featured_image_src":{"full":["https:\/\/athenahomecare.kr\/wp-content\/uploads\/2022\/10\/\ud06c\ub85c\ubbf8-\ub0a8\uc131\uc5ec\uc131.jpg",500,500,false],"thumbnail":["https:\/\/athenahomecare.kr\/wp-content\/uploads\/2022\/10\/\ud06c\ub85c\ubbf8-\ub0a8\uc131\uc5ec\uc131-150x150.jpg",150,150,true],"medium":["https:\/\/athenahomecare.kr\/wp-content\/uploads\/2022\/10\/\ud06c\ub85c\ubbf8-\ub0a8\uc131\uc5ec\uc131-300x300.jpg",300,300,true],"medium_large":["https:\/\/athenahomecare.kr\/wp-content\/uploads\/2022\/10\/\ud06c\ub85c\ubbf8-\ub0a8\uc131\uc5ec\uc131.jpg",500,500,false],"large":["https:\/\/athenahomecare.kr\/wp-content\/uploads\/2022\/10\/\ud06c\ub85c\ubbf8-\ub0a8\uc131\uc5ec\uc131.jpg",500,500,false],"lws_wr_thumbnail":["https:\/\/athenahomecare.kr\/wp-content\/uploads\/2022\/10\/\ud06c\ub85c\ubbf8-\ub0a8\uc131\uc5ec\uc131.jpg",96,96,false],"lws_wr_thumbnail_small":["https:\/\/athenahomecare.kr\/wp-content\/uploads\/2022\/10\/\ud06c\ub85c\ubbf8-\ub0a8\uc131\uc5ec\uc131.jpg",42,42,false],"1536x1536":["https:\/\/athenahomecare.kr\/wp-content\/uploads\/2022\/10\/\ud06c\ub85c\ubbf8-\ub0a8\uc131\uc5ec\uc131.jpg",500,500,false],"2048x2048":["https:\/\/athenahomecare.kr\/wp-content\/uploads\/2022\/10\/\ud06c\ub85c\ubbf8-\ub0a8\uc131\uc5ec\uc131.jpg",500,500,false],"woocommerce_thumbnail":["https:\/\/athenahomecare.kr\/wp-content\/uploads\/2022\/10\/\ud06c\ub85c\ubbf8-\ub0a8\uc131\uc5ec\uc131-300x300.jpg",300,300,true],"woocommerce_single":["https:\/\/athenahomecare.kr\/wp-content\/uploads\/2022\/10\/\ud06c\ub85c\ubbf8-\ub0a8\uc131\uc5ec\uc131.jpg",500,500,false],"woocommerce_gallery_thumbnail":["https:\/\/athenahomecare.kr\/wp-content\/uploads\/2022\/10\/\ud06c\ub85c\ubbf8-\ub0a8\uc131\uc5ec\uc131-100x100.jpg",100,100,true]},"uagb_author_info":{"display_name":"kjsdollkr","author_link":"https:\/\/athenahomecare.kr\/es\/author\/"},"uagb_comment_info":0,"uagb_excerpt":"Calcetines antibacterianos para diab\u00e9ticos que protegen las heridas sin dejar marcas de presi\u00f3n","_links":{"self":[{"href":"https:\/\/athenahomecare.kr\/es\/wp-json\/wp\/v2\/product\/13525"}],"collection":[{"href":"https:\/\/athenahomecare.kr\/es\/wp-json\/wp\/v2\/product"}],"about":[{"href":"https:\/\/athenahomecare.kr\/es\/wp-json\/wp\/v2\/types\/product"}],"replies":[{"embeddable":true,"href":"https:\/\/athenahomecare.kr\/es\/wp-json\/wp\/v2\/comments?post=13525"}],"wp:featuredmedia":[{"embeddable":true,"href":"https:\/\/athenahomecare.kr\/es\/wp-json\/wp\/v2\/media\/11961"}],"wp:attachment":[{"href":"https:\/\/athenahomecare.kr\/es\/wp-json\/wp\/v2\/media?parent=13525"}],"wp:term":[{"taxonomy":"product_cat","embeddable":true,"href":"https:\/\/athenahomecare.kr\/es\/wp-json\/wp\/v2\/product_cat?post=13525"},{"taxonomy":"product_tag","embeddable":true,"href":"https:\/\/athenahomecare.kr\/es\/wp-json\/wp\/v2\/product_tag?post=13525"},{"taxonomy":"product-realcategory","embeddable":true,"href":"https:\/\/athenahomecare.kr\/es\/wp-json\/wp\/v2\/product-realcategory?post=13525"},{"taxonomy":"product-marketing","embeddable":true,"href":"https:\/\/athenahomecare.kr\/es\/wp-json\/wp\/v2\/product-marketing?post=13525"}],"curies":[{"name":"wp","href":"https:\/\/api.w.org\/{rel}","templated":true}]}}