{"id":13704,"date":"2022-10-14T10:39:21","date_gmt":"2022-10-14T01:39:21","guid":{"rendered":"https:\/\/athenahomecare.kr\/gioi-thieu-chuong-trinh-doi-tac\/"},"modified":"2023-09-16T10:48:22","modified_gmt":"2023-09-16T01:48:22","slug":"gioi-thieu-chuong-trinh-doi-tac","status":"publish","type":"page","link":"https:\/\/athenahomecare.kr\/vi\/gioi-thieu-chuong-trinh-doi-tac\/","title":{"rendered":"Gi\u1edbi thi\u1ec7u ch\u01b0\u01a1ng tr\u00ecnh \u0111\u1ed1i t\u00e1c"},"content":{"rendered":"\n<div class=\"wp-block-columns alignwide are-vertically-aligned-center eplus-wrapper is-layout-flex wp-container-core-columns-is-layout-2 wp-block-columns-is-layout-flex\">\n<div class=\"wp-block-column is-vertically-aligned-center eplus-wrapper is-layout-constrained wp-block-column-is-layout-constrained\" style=\"padding-top:0px;padding-right:0px;padding-bottom:0px;padding-left:0px;flex-basis:97%\">\n<div class=\"wp-block-columns eplus-wrapper is-layout-flex wp-container-core-columns-is-layout-1 wp-block-columns-is-layout-flex\">\n<div class=\"wp-block-column is-vertically-aligned-center eplus-wrapper is-layout-flow wp-block-column-is-layout-flow\" style=\"flex-basis:70%\">\n<h3 class=\"wp-block-heading eplus-wrapper\" id=\"block-32f72191-38c9-423b-a191-bc2468ccaa2d\"><i class=\"fab fa-codepen\"><\/i>  Gi\u1edbi thi\u1ec7u ch\u01b0\u01a1ng tr\u00ecnh \u0111\u1ed1i t\u00e1c<\/h3>\n<\/div>\n\n<div class=\"wp-block-column is-vertically-aligned-center eplus-wrapper is-layout-flow wp-block-column-is-layout-flow\" style=\"flex-basis:30%\">\n\n<div class=\"wp-block-uagb-buttons uagb-buttons__outer-wrap uagb-btn__default-btn uagb-btn-tablet__default-btn uagb-btn-mobile__default-btn uagb-block-9cee1464\"><div class=\"uagb-buttons__wrap uagb-buttons-layout-wrap\">\n<div class=\"wp-block-uagb-buttons-child uagb-buttons__outer-wrap uagb-block-eaa71e2e wp-block-button is-style-outline\"><div class=\"uagb-button__wrapper\"><a class=\"uagb-buttons-repeater wp-block-button__link has-background has-text-color\" href=\"https:\/\/athenahomecare.kr\/partner-request\/\" onclick=\"return true;\" rel=\"follow noopener\" target=\"_blank\"><div class=\"uagb-button__link\">\u0110\u0103ng k\u00fd l\u00e0m \u0111\u1ed1i t\u00e1c<\/div><span class=\"uagb-button__icon uagb-button__icon-position-after\"><svg xmlns=\"https:\/\/www.w3.org\/2000\/svg\" viewbox=\"0 0 448 512\"><path d=\"M438.6 278.6l-160 160C272.4 444.9 264.2 448 256 448s-16.38-3.125-22.62-9.375c-12.5-12.5-12.5-32.75 0-45.25L338.8 288H32C14.33 288 .0016 273.7 .0016 256S14.33 224 32 224h306.8l-105.4-105.4c-12.5-12.5-12.5-32.75 0-45.25s32.75-12.5 45.25 0l160 160C451.1 245.9 451.1 266.1 438.6 278.6z\"><\/path><\/svg><\/span><\/a><\/div><\/div>\n<\/div><\/div>\n\n<\/div>\n<\/div>\n<\/div>\n<\/div>\n\n<div class=\"wp-block-columns alignwide are-vertically-aligned-center eplus-wrapper is-layout-flex wp-container-core-columns-is-layout-4 wp-block-columns-is-layout-flex\">\n<div class=\"wp-block-column is-vertically-aligned-center eplus-wrapper is-layout-constrained wp-block-column-is-layout-constrained\" style=\"padding-top:30px;padding-right:30px;padding-bottom:30px;padding-left:30px;flex-basis:97%\">\n<div class=\"wp-block-columns eplus-wrapper is-layout-flex wp-container-core-columns-is-layout-3 wp-block-columns-is-layout-flex\">\n<div class=\"wp-block-column is-vertically-aligned-center eplus-wrapper is-layout-flow wp-block-column-is-layout-flow\" style=\"flex-basis:33.33%\">\n<figure class=\"wp-block-image size-full eplus-wrapper\"><img decoding=\"async\" src=\"http:\/\/thedang.co.kr\/wp-content\/uploads\/2022\/10\/point_img_01-1.jpg\" alt=\"\" class=\"wp-image-6433\"\/><\/figure>\n<\/div>\n\n<div class=\"wp-block-column is-vertically-aligned-center eplus-wrapper is-layout-flow wp-block-column-is-layout-flow\" style=\"flex-basis:66.66%\">\n<ul class=\"eplus-wrapper\">\n<li>Ch\u01b0\u01a1ng tr\u00ecnh \u0110\u1ed1i t\u00e1c l\u00e0 ch\u01b0\u01a1ng tr\u00ecnh cung c\u1ea5p \u0111i\u1ec3m th\u00edch h\u1ee3p cho c\u00e1c ho\u1ea1t \u0111\u1ed9ng ti\u1ebfp th\u1ecb qu\u1ea3ng c\u00e1o cho nh\u1eefng ng\u01b0\u1eddi m\u1eddi b\u1ea1n b\u00e8 v\u00e0o trang Athenahome ho\u1eb7c qu\u1ea3ng b\u00e1 c\u00e1c d\u1ecbch v\u1ee5 v\u00e0 s\u1ea3n ph\u1ea9m c\u1ee7a trang Athenahome.<\/li>\n\n<li>\u0110i\u1ec3m c\u00f3 th\u1ec3 \u0111\u01b0\u1ee3c s\u1eed d\u1ee5ng \u0111\u1ec3 mua h\u00e0ng tr\u00ean trang Athenahome c\u0169ng nh\u01b0 \u0111\u01b0\u1ee3c t\u1eb7ng ho\u1eb7c \u0111\u1ed5i th\u00e0nh ti\u1ec1n m\u1eb7t.<\/li>\n\n<li>\u0110\u1ed1i v\u1edbi ch\u01b0\u01a1ng tr\u00ecnh \u0111\u1ed1i t\u00e1c, b\u1ea5t k\u1ef3 ai \u0111\u0103ng nh\u1eadp v\u00e0o trang web c\u1ee7a ch\u00fang t\u00f4i v\u00e0 \u0111\u0103ng k\u00fd l\u00e0m \u0111\u1ed1i t\u00e1c \u0111\u1ec1u c\u00f3 th\u1ec3 t\u1ea1o doanh thu th\u00f4ng qua c\u00e1c ho\u1ea1t \u0111\u1ed9ng nh\u01b0 m\u1eddi b\u1ea1n b\u00e8, chia s\u1ebb trang web c\u1ee7a ch\u00fang t\u00f4i v\u00e0 chia s\u1ebb URL s\u1ea3n ph\u1ea9m.<\/li>\n\n<li>K\u1ebft qu\u1ea3 c\u1ee7a c\u00e1c ho\u1ea1t \u0111\u1ed9ng \u0111\u01b0\u1ee3c ch\u01b0\u01a1ng tr\u00ecnh t\u1ef1 \u0111\u1ed9ng t\u1ea1o ra, t\u00ednh to\u00e1n, t\u1ed5ng h\u1ee3p v\u00e0 tr\u00ecnh b\u00e0y.<\/li>\n<\/ul>\n<\/div>\n<\/div>\n<\/div>\n<\/div>\n\n<div style=\"height:30px\" aria-hidden=\"true\" class=\"wp-block-spacer eplus-wrapper\"><\/div>\n\n<h3 class=\"wp-block-heading eplus-wrapper\" style=\"font-style:normal;font-weight:500\"><i class=\"fab fa-codepen\"><\/i>  M\u1eddi b\u1ea1n b\u00e8, \u0111\u1ed1i t\u00e1c, \u0111\u1ed1i t\u00e1c qu\u1ea3ng c\u00e1o  <\/h3>\n\n<div class=\"wp-block-uagb-container uagb-block-83e857c1 alignfull uagb-is-root-container\"><div class=\"uagb-container-inner-blocks-wrap\"><pre>https:\/\/athenahomecare.kr\/?aff= <\/pre>\n\n<div class=\"wp-block-uagb-container uagb-block-5623edb1\">\n<div class=\"wp-block-uagb-container uagb-block-0bdc2a2a\">\n<h2 class=\"wp-block-heading has-text-align-left eplus-wrapper has-ast-global-color-1-color has-text-color\">M\u1eddi b\u1ea1n b\u00e8<\/h2>\n\n<p class=\"has-ast-global-color-2-color has-text-color\">Khi b\u1ea1n m\u1eddi m\u1ed9t ng\u01b0\u1eddi b\u1ea1n \u0111\u1ebfn Athenahome, c\u1ea3 ng\u01b0\u1eddi b\u1ea1n \u0111\u00f3 v\u00e0 th\u00e0nh vi\u00ean \u0111\u01b0\u1ee3c m\u1eddi \u0111\u1ec1u \u0111\u01b0\u1ee3c c\u1ed9ng \u0111i\u1ec3m d\u1ef1a tr\u00ean s\u1ed1 l\u01b0\u1ee3ng \u0111\u0103ng k\u00fd v\u00e0 \u0111\u1eb7t h\u00e0ng.<\/p>\n\n<pre class=\"wp-block-preformatted has-ast-global-color-2-background-color has-background\">https:\/\/athenahomecare.kr\/?aff= <\/pre>\n<\/div>\n\n<div class=\"wp-block-uagb-container uagb-block-e87ee6a2\">\n<h2 class=\"wp-block-heading eplus-wrapper has-ast-global-color-2-color has-text-color\">\u0111\u1ed1i t\u00e1c qu\u1ea3ng c\u00e1o<\/h2>\n\n<p>Nh\u1eefng ng\u01b0\u1eddi mu\u1ed1n qu\u1ea3ng c\u00e1o v\u1edbi nhi\u1ec1u ng\u01b0\u1eddi c\u00f3 \u1ea3nh h\u01b0\u1edfng, trang web, qu\u00e1n c\u00e0 ph\u00ea, v.v., h\u00e3y ti\u1ebfn h\u00e0nh sau khi tham kh\u1ea3o \u00fd ki\u1ebfn<\/p>\n\n<p class=\"has-text-align-right eplus-wrapper has-large-font-size\"><i class=\"fas fa-phone\"><\/i>  070 7807 8343<\/p>\n<\/div>\n<\/div>\n<\/div><\/div>\n","protected":false},"excerpt":{"rendered":"<p>Gi\u1edbi thi\u1ec7u ch\u01b0\u01a1ng tr\u00ecnh \u0111\u1ed1i t\u00e1c M\u1eddi b\u1ea1n b\u00e8, \u0111\u1ed1i t\u00e1c, \u0111\u1ed1i t\u00e1c qu\u1ea3ng c\u00e1o M\u1eddi b\u1ea1n b\u00e8 Khi b\u1ea1n m\u1eddi m\u1ed9t ng\u01b0\u1eddi b\u1ea1n \u0111\u1ebfn Athenahome, c\u1ea3 ng\u01b0\u1eddi b\u1ea1n \u0111\u00f3 v\u00e0 th\u00e0nh vi\u00ean \u0111\u01b0\u1ee3c m\u1eddi \u0111\u1ec1u \u0111\u01b0\u1ee3c c\u1ed9ng \u0111i\u1ec3m d\u1ef1a tr\u00ean s\u1ed1 l\u01b0\u1ee3ng \u0111\u0103ng k\u00fd v\u00e0 \u0111\u1eb7t h\u00e0ng. https:\/\/athenahomecare.kr\/?aff= \u0111\u1ed1i t\u00e1c qu\u1ea3ng c\u00e1o Nh\u1eefng ng\u01b0\u1eddi [&hellip;]<\/p>\n","protected":false},"author":3,"featured_media":0,"parent":0,"menu_order":0,"comment_status":"closed","ping_status":"closed","template":"","meta":{"_uag_custom_page_level_css":"","site-sidebar-layout":"default","site-content-layout":"","ast-site-content-layout":"","site-content-style":"default","site-sidebar-style":"default","ast-global-header-display":"","ast-banner-title-visibility":"","ast-main-header-display":"","ast-hfb-above-header-display":"","ast-hfb-below-header-display":"","ast-hfb-mobile-header-display":"","site-post-title":"disabled","ast-breadcrumbs-content":"disabled","ast-featured-img":"","footer-sml-layout":"","theme-transparent-header-meta":"","adv-header-id-meta":"","stick-header-meta":"","header-above-stick-meta":"","header-main-stick-meta":"","header-below-stick-meta":"","astra-migrate-meta-layouts":"default","ast-page-background-enabled":"default","ast-page-background-meta":{"desktop":{"background-color":"var(--ast-global-color-4)","background-image":"","background-repeat":"repeat","background-position":"center center","background-size":"auto","background-attachment":"scroll","background-type":"","background-media":"","overlay-type":"","overlay-color":"","overlay-opacity":"","overlay-gradient":""},"tablet":{"background-color":"","background-image":"","background-repeat":"repeat","background-position":"center center","background-size":"auto","background-attachment":"scroll","background-type":"","background-media":"","overlay-type":"","overlay-color":"","overlay-opacity":"","overlay-gradient":""},"mobile":{"background-color":"","background-image":"","background-repeat":"repeat","background-position":"center center","background-size":"auto","background-attachment":"scroll","background-type":"","background-media":"","overlay-type":"","overlay-color":"","overlay-opacity":"","overlay-gradient":""}},"ast-content-background-meta":{"desktop":{"background-color":"var(--ast-global-color-5)","background-image":"","background-repeat":"repeat","background-position":"center center","background-size":"auto","background-attachment":"scroll","background-type":"","background-media":"","overlay-type":"","overlay-color":"","overlay-opacity":"","overlay-gradient":""},"tablet":{"background-color":"var(--ast-global-color-5)","background-image":"","background-repeat":"repeat","background-position":"center center","background-size":"auto","background-attachment":"scroll","background-type":"","background-media":"","overlay-type":"","overlay-color":"","overlay-opacity":"","overlay-gradient":""},"mobile":{"background-color":"var(--ast-global-color-5)","background-image":"","background-repeat":"repeat","background-position":"center center","background-size":"auto","background-attachment":"scroll","background-type":"","background-media":"","overlay-type":"","overlay-color":"","overlay-opacity":"","overlay-gradient":""}},"footnotes":""},"uagb_featured_image_src":{"full":false,"thumbnail":false,"medium":false,"medium_large":false,"large":false,"lws_wr_thumbnail":false,"lws_wr_thumbnail_small":false,"1536x1536":false,"2048x2048":false,"woocommerce_thumbnail":false,"woocommerce_single":false,"woocommerce_gallery_thumbnail":false},"uagb_author_info":{"display_name":"kjsdollkr","author_link":"https:\/\/athenahomecare.kr\/vi\/author\/kjsdollkr\/"},"uagb_comment_info":0,"uagb_excerpt":"Gi\u1edbi thi\u1ec7u ch\u01b0\u01a1ng tr\u00ecnh \u0111\u1ed1i t\u00e1c M\u1eddi b\u1ea1n b\u00e8, \u0111\u1ed1i t\u00e1c, \u0111\u1ed1i t\u00e1c qu\u1ea3ng c\u00e1o M\u1eddi b\u1ea1n b\u00e8 Khi b\u1ea1n m\u1eddi m\u1ed9t ng\u01b0\u1eddi b\u1ea1n \u0111\u1ebfn Athenahome, c\u1ea3 ng\u01b0\u1eddi b\u1ea1n \u0111\u00f3 v\u00e0 th\u00e0nh vi\u00ean \u0111\u01b0\u1ee3c m\u1eddi \u0111\u1ec1u \u0111\u01b0\u1ee3c c\u1ed9ng \u0111i\u1ec3m d\u1ef1a tr\u00ean s\u1ed1 l\u01b0\u1ee3ng \u0111\u0103ng k\u00fd v\u00e0 \u0111\u1eb7t h\u00e0ng. https:\/\/athenahomecare.kr\/?aff= \u0111\u1ed1i t\u00e1c qu\u1ea3ng c\u00e1o Nh\u1eefng ng\u01b0\u1eddi&hellip;","_links":{"self":[{"href":"https:\/\/athenahomecare.kr\/vi\/wp-json\/wp\/v2\/pages\/13704"}],"collection":[{"href":"https:\/\/athenahomecare.kr\/vi\/wp-json\/wp\/v2\/pages"}],"about":[{"href":"https:\/\/athenahomecare.kr\/vi\/wp-json\/wp\/v2\/types\/page"}],"author":[{"embeddable":true,"href":"https:\/\/athenahomecare.kr\/vi\/wp-json\/wp\/v2\/users\/3"}],"replies":[{"embeddable":true,"href":"https:\/\/athenahomecare.kr\/vi\/wp-json\/wp\/v2\/comments?post=13704"}],"version-history":[{"count":1,"href":"https:\/\/athenahomecare.kr\/vi\/wp-json\/wp\/v2\/pages\/13704\/revisions"}],"predecessor-version":[{"id":13708,"href":"https:\/\/athenahomecare.kr\/vi\/wp-json\/wp\/v2\/pages\/13704\/revisions\/13708"}],"wp:attachment":[{"href":"https:\/\/athenahomecare.kr\/vi\/wp-json\/wp\/v2\/media?parent=13704"}],"curies":[{"name":"wp","href":"https:\/\/api.w.org\/{rel}","templated":true}]}}