{"id":13717,"date":"2022-10-14T10:48:35","date_gmt":"2022-10-14T01:48:35","guid":{"rendered":"https:\/\/athenahomecare.kr\/chinh-sach-van-chuyen-doi-hang-va-hoan-tra\/"},"modified":"2023-09-16T10:48:30","modified_gmt":"2023-09-16T01:48:30","slug":"chinh-sach-van-chuyen-doi-hang-va-hoan-tra","status":"publish","type":"page","link":"https:\/\/athenahomecare.kr\/vi\/chinh-sach-van-chuyen-doi-hang-va-hoan-tra\/","title":{"rendered":"Ch\u00ednh s\u00e1ch v\u1eadn chuy\u1ec3n, \u0111\u1ed5i h\u00e0ng v\u00e0 ho\u00e0n tr\u1ea3"},"content":{"rendered":"\n<p class=\"\\&quot; eplus-wrapper\"><strong>Th\u00f4ng tin v\u1eadn chuy\u1ec3n\/trao \u0111\u1ed5i v\u00e0 tr\u1ea3 l\u1ea1i<\/strong><\/p>\n\n<p class=\"\\&quot; eplus-wrapper\"><strong>v\u1eadn chuy\u1ec3n<\/strong><\/p>\n\n<p class=\"\\&quot; eplus-wrapper\">H\u00ecnh th\u1ee9c giao h\u00e0ng: Chuy\u1ec3n ph\u00e1t nhanh (Lotte Express)<\/p>\n\n<p class=\"\\&quot; eplus-wrapper\">Khu v\u1ef1c giao h\u00e0ng: \u00c1p d\u1ee5ng tr\u00ean to\u00e0n qu\u1ed1c (ph\u00ed giao h\u00e0ng b\u1ed5 sung 5.000 won s\u1ebd \u0111\u01b0\u1ee3c t\u00ednh th\u00eam \u0111\u1ed1i v\u1edbi \u0111\u1ea3o Jeju v\u00e0 mi\u1ec1n n\u00fai).<\/p>\n\n<p class=\"\\&quot; eplus-wrapper\">Ph\u00ed giao h\u00e0ng<\/p>\n\n<p class=\"\\&quot; eplus-wrapper\">  -H\u01a1n 20.000 won sau khi \u00e1p d\u1ee5ng gi\u1ea3m gi\u00e1: Mi\u1ec5n ph\u00ed v\u1eadn chuy\u1ec3n<\/p>\n\n<p class=\"\\&quot; eplus-wrapper\">  -\u00cdt h\u01a1n 20.000 won sau khi \u00e1p d\u1ee5ng gi\u1ea3m gi\u00e1: t\u00ednh ph\u00ed 3.000 won<\/p>\n\n<p class=\"\\&quot; eplus-wrapper\">  -\u0110\u1ed1i v\u1edbi c\u00e1c y\u00eau c\u1ea7u \u0111\u1ed5i\/tr\u1ea3 do s\u1ea3n ph\u1ea9m b\u1ecb l\u1ed7i ho\u1eb7c giao h\u00e0ng kh\u00f4ng \u0111\u00fang, mi\u1ec5n ph\u00ed v\u1eadn chuy\u1ec3n.<\/p>\n\n<p class=\"\\&quot; eplus-wrapper\"><strong>trao \u0111\u1ed5i<\/strong><\/p>\n\n<ul class=\"\\&quot; eplus-wrapper\"><li>Khi n\u00e0o c\u00f3 th\u1ec3 trao \u0111\u1ed5i v\u00e0 tr\u1ea3 l\u1ea1i<\/li><\/ul>\n\n<p class=\"\\&quot; eplus-wrapper\">N\u1ebfu b\u1ea1n tr\u1ea3 l\u1ea1i ho\u1eb7c \u0111\u1ed5i h\u00e0ng v\u00ec nh\u1eefng l\u00fd do nh\u01b0 s\u1ea3n ph\u1ea9m b\u1ecb l\u1ed7i ho\u1eb7c giao h\u00e0ng kh\u00f4ng \u0111\u00fang th\u00ec s\u1ebd \u0111\u01b0\u1ee3c mi\u1ec5n ph\u00ed v\u1eadn chuy\u1ec3n.<\/p>\n\n<p class=\"\\&quot; eplus-wrapper\">Y\u00eau c\u1ea7u \u0111\u1ed5i\/tr\u1ea3 do thay \u0111\u1ed5i \u00fd \u0111\u1ecbnh \u0111\u01a1n gi\u1ea3n ho\u1eb7c mua nh\u1ea7m c\u00f3 th\u1ec3 \u0111\u01b0\u1ee3c \u0111\u1ed5i ho\u1eb7c tr\u1ea3 trong v\u00f2ng 7 ng\u00e0y k\u1ec3 t\u1eeb ng\u00e0y nh\u1eadn s\u1ea3n ph\u1ea9m.<\/p>\n\n<p class=\"\\&quot; eplus-wrapper\">Ph\u00ed v\u1eadn chuy\u1ec3n trao \u0111\u1ed5i: Ph\u00ed v\u1eadn chuy\u1ec3n kh\u1ee9 h\u1ed3i 5.000 won m\u1ed7i h\u1ed9p<\/p>\n\n<p class=\"\\&quot; eplus-wrapper\">Ph\u00ed v\u1eadn chuy\u1ec3n tr\u1ea3 l\u1ea1i: 3.000 won m\u1ed7i h\u1ed9p, 6.000 won cho c\u00e1c \u0111\u01a1n h\u00e0ng mi\u1ec5n ph\u00ed v\u1eadn chuy\u1ec3n do kh\u00e1ch h\u00e0ng ch\u1ecbu.<\/p>\n\n<p class=\"\\&quot; eplus-wrapper\">(\u0110\u1ed1i v\u1edbi Qu\u1ea7n \u0111\u1ea3o Jeju\/N\u00fai, ph\u00ed v\u1eadn chuy\u1ec3n m\u1ed9t chi\u1ec1u kh\u1ee9 h\u1ed3i l\u00e0 5.000 won ho\u1eb7c ph\u00ed v\u1eadn chuy\u1ec3n kh\u1ee9 h\u1ed3i l\u00e0 10.000 won s\u1ebd \u0111\u01b0\u1ee3c th\u00eam v\u00e0o.)<\/p>\n\n<p class=\"\\&quot; eplus-wrapper\">Kh\u00e1ch h\u00e0ng c\u00f3 nhu c\u1ea7u \u0111\u1ed5i\/tr\u1ea3 c\u00f3 th\u1ec3 g\u1ecdi t\u1edbi trung t\u00e2m kh\u00e1ch h\u00e0ng theo s\u1ed1 070-7807-8343 ho\u1eb7c \u0111\u0103ng k\u00fd qua trang [Trang c\u1ee7a t\u00f4i &gt; Giao h\u00e0ng] c\u1ee7a Athena Home Mall.<\/p>\n\n<p class=\"\\&quot; eplus-wrapper\">V\u00ec kh\u00f4ng th\u1ec3 nh\u1eadn h\u00e0ng t\u1ef1 \u0111\u1ed9ng n\u00ean nh\u00e2n vi\u00ean chuy\u1ec3n ph\u00e1t \u0111\u01b0\u1ee3c ch\u1ec9 \u0111\u1ecbnh (CJ Logistics) s\u1ebd \u0111\u00edch th\u00e2n \u0111\u1ebfn v\u00e0 nh\u1eadn s\u1ea3n ph\u1ea9m trong v\u00f2ng 2-3 ng\u00e0y sau khi x\u00e1c nh\u1eadn \u0111\u01a1n \u0111\u0103ng k\u00fd \u0111\u1ed5i\/tr\u1ea3.<\/p>\n\n<ul class=\"\\&quot; eplus-wrapper\"><li>Khi kh\u00f4ng th\u1ec3 \u0111\u1ed5i v\u00e0 tr\u1ea3 l\u1ea1i<\/li><\/ul>\n\n<p class=\"\\&quot; eplus-wrapper\">N\u1ebfu s\u1ea3n ph\u1ea9m \u0111\u00e3 b\u1ecb m\u1edf ho\u1eb7c h\u1ed9p ho\u1eb7c bao b\u00ec b\u1ecb h\u01b0 h\u1ecfng<\/p>\n\n<p class=\"\\&quot; eplus-wrapper\">N\u1ebfu gi\u00e1 tr\u1ecb s\u1ea3n ph\u1ea9m gi\u1ea3m \u0111\u00e1ng k\u1ec3 do kh\u00e1ch h\u00e0ng s\u1eed d\u1ee5ng ho\u1eb7c ti\u00eau th\u1ee5 m\u1ed9t ph\u1ea7n<\/p>\n\n<p class=\"\\&quot; eplus-wrapper\">N\u1ebfu s\u1ea3n ph\u1ea9m \u0111\u01b0\u1ee3c g\u1eedi \u0111\u1ebfn trung t\u00e2m kh\u00e1ch h\u00e0ng m\u00e0 kh\u00f4ng thanh to\u00e1n chi ph\u00ed v\u1eadn chuy\u1ec3n \u0111\u1ed5i ho\u1eb7c tr\u1ea3 l\u1ea1i m\u00e0 kh\u00e1ch h\u00e0ng ph\u1ea3i thanh to\u00e1n.<\/p>\n\n<p class=\"\\&quot; eplus-wrapper\">Trong tr\u01b0\u1eddng h\u1ee3p m\u1ed9t s\u1ed1 s\u1ea3n ph\u1ea9m gi\u00e1 \u0111\u1eb7c bi\u1ec7t, vi\u1ec7c \u0111\u1ed5i ho\u1eb7c tr\u1ea3 c\u00f3 th\u1ec3 kh\u00f4ng th\u1ef1c hi\u1ec7n \u0111\u01b0\u1ee3c sau khi giao h\u00e0ng do kh\u00e1ch h\u00e0ng thay \u0111\u1ed5i \u00fd \u0111\u1ecbnh, ngo\u1ea1i tr\u1eeb tr\u01b0\u1eddng h\u1ee3p s\u1ea3n ph\u1ea9m b\u1ecb l\u1ed7i ho\u1eb7c giao h\u00e0ng kh\u00f4ng \u0111\u00fang, vui l\u00f2ng tham kh\u1ea3o th\u00f4ng tin chi ti\u1ebft v\u1ec1 s\u1ea3n ph\u1ea9m cho t\u1eebng s\u1ea3n ph\u1ea9m.<\/p>\n","protected":false},"excerpt":{"rendered":"<p>Th\u00f4ng tin v\u1eadn chuy\u1ec3n\/trao \u0111\u1ed5i v\u00e0 tr\u1ea3 l\u1ea1i v\u1eadn chuy\u1ec3n H\u00ecnh th\u1ee9c giao h\u00e0ng: Chuy\u1ec3n ph\u00e1t nhanh (Lotte Express) Khu v\u1ef1c giao h\u00e0ng: \u00c1p d\u1ee5ng tr\u00ean to\u00e0n qu\u1ed1c (ph\u00ed giao h\u00e0ng b\u1ed5 sung 5.000 won s\u1ebd \u0111\u01b0\u1ee3c t\u00ednh th\u00eam \u0111\u1ed1i v\u1edbi \u0111\u1ea3o Jeju v\u00e0 mi\u1ec1n n\u00fai). Ph\u00ed giao h\u00e0ng -H\u01a1n 20.000 won sau khi \u00e1p [&hellip;]<\/p>\n","protected":false},"author":3,"featured_media":0,"parent":0,"menu_order":0,"comment_status":"closed","ping_status":"closed","template":"","meta":{"_uag_custom_page_level_css":"","site-sidebar-layout":"default","site-content-layout":"","ast-site-content-layout":"","site-content-style":"default","site-sidebar-style":"default","ast-global-header-display":"","ast-banner-title-visibility":"","ast-main-header-display":"","ast-hfb-above-header-display":"","ast-hfb-below-header-display":"","ast-hfb-mobile-header-display":"","site-post-title":"","ast-breadcrumbs-content":"","ast-featured-img":"","footer-sml-layout":"","theme-transparent-header-meta":"","adv-header-id-meta":"","stick-header-meta":"","header-above-stick-meta":"","header-main-stick-meta":"","header-below-stick-meta":"","astra-migrate-meta-layouts":"default","ast-page-background-enabled":"default","ast-page-background-meta":{"desktop":{"background-color":"var(--ast-global-color-4)","background-image":"","background-repeat":"repeat","background-position":"center center","background-size":"auto","background-attachment":"scroll","background-type":"","background-media":"","overlay-type":"","overlay-color":"","overlay-opacity":"","overlay-gradient":""},"tablet":{"background-color":"","background-image":"","background-repeat":"repeat","background-position":"center center","background-size":"auto","background-attachment":"scroll","background-type":"","background-media":"","overlay-type":"","overlay-color":"","overlay-opacity":"","overlay-gradient":""},"mobile":{"background-color":"","background-image":"","background-repeat":"repeat","background-position":"center center","background-size":"auto","background-attachment":"scroll","background-type":"","background-media":"","overlay-type":"","overlay-color":"","overlay-opacity":"","overlay-gradient":""}},"ast-content-background-meta":{"desktop":{"background-color":"var(--ast-global-color-5)","background-image":"","background-repeat":"repeat","background-position":"center center","background-size":"auto","background-attachment":"scroll","background-type":"","background-media":"","overlay-type":"","overlay-color":"","overlay-opacity":"","overlay-gradient":""},"tablet":{"background-color":"var(--ast-global-color-5)","background-image":"","background-repeat":"repeat","background-position":"center center","background-size":"auto","background-attachment":"scroll","background-type":"","background-media":"","overlay-type":"","overlay-color":"","overlay-opacity":"","overlay-gradient":""},"mobile":{"background-color":"var(--ast-global-color-5)","background-image":"","background-repeat":"repeat","background-position":"center center","background-size":"auto","background-attachment":"scroll","background-type":"","background-media":"","overlay-type":"","overlay-color":"","overlay-opacity":"","overlay-gradient":""}},"footnotes":""},"uagb_featured_image_src":{"full":false,"thumbnail":false,"medium":false,"medium_large":false,"large":false,"lws_wr_thumbnail":false,"lws_wr_thumbnail_small":false,"1536x1536":false,"2048x2048":false,"woocommerce_thumbnail":false,"woocommerce_single":false,"woocommerce_gallery_thumbnail":false},"uagb_author_info":{"display_name":"kjsdollkr","author_link":"https:\/\/athenahomecare.kr\/vi\/author\/kjsdollkr\/"},"uagb_comment_info":0,"uagb_excerpt":"Th\u00f4ng tin v\u1eadn chuy\u1ec3n\/trao \u0111\u1ed5i v\u00e0 tr\u1ea3 l\u1ea1i v\u1eadn chuy\u1ec3n H\u00ecnh th\u1ee9c giao h\u00e0ng: Chuy\u1ec3n ph\u00e1t nhanh (Lotte Express) Khu v\u1ef1c giao h\u00e0ng: \u00c1p d\u1ee5ng tr\u00ean to\u00e0n qu\u1ed1c (ph\u00ed giao h\u00e0ng b\u1ed5 sung 5.000 won s\u1ebd \u0111\u01b0\u1ee3c t\u00ednh th\u00eam \u0111\u1ed1i v\u1edbi \u0111\u1ea3o Jeju v\u00e0 mi\u1ec1n n\u00fai). Ph\u00ed giao h\u00e0ng -H\u01a1n 20.000 won sau khi \u00e1p&hellip;","_links":{"self":[{"href":"https:\/\/athenahomecare.kr\/vi\/wp-json\/wp\/v2\/pages\/13717"}],"collection":[{"href":"https:\/\/athenahomecare.kr\/vi\/wp-json\/wp\/v2\/pages"}],"about":[{"href":"https:\/\/athenahomecare.kr\/vi\/wp-json\/wp\/v2\/types\/page"}],"author":[{"embeddable":true,"href":"https:\/\/athenahomecare.kr\/vi\/wp-json\/wp\/v2\/users\/3"}],"replies":[{"embeddable":true,"href":"https:\/\/athenahomecare.kr\/vi\/wp-json\/wp\/v2\/comments?post=13717"}],"version-history":[{"count":1,"href":"https:\/\/athenahomecare.kr\/vi\/wp-json\/wp\/v2\/pages\/13717\/revisions"}],"predecessor-version":[{"id":13726,"href":"https:\/\/athenahomecare.kr\/vi\/wp-json\/wp\/v2\/pages\/13717\/revisions\/13726"}],"wp:attachment":[{"href":"https:\/\/athenahomecare.kr\/vi\/wp-json\/wp\/v2\/media?parent=13717"}],"curies":[{"name":"wp","href":"https:\/\/api.w.org\/{rel}","templated":true}]}}