{"id":13486,"date":"2022-10-19T14:35:48","date_gmt":"2022-10-19T05:35:48","guid":{"rendered":"https:\/\/athenahomecare.kr\/product\/cham-soc-ban-chan-khong-gay-chen-ep-tat-khang-khuan-danh-cho-nguoi-tieu-duong-tat-chromie\/"},"modified":"2023-09-14T16:51:13","modified_gmt":"2023-09-14T07:51:13","slug":"cham-soc-ban-chan-khong-gay-chen-ep-tat-khang-khuan-danh-cho-nguoi-tieu-duong-tat-chromie","status":"publish","type":"product","link":"https:\/\/athenahomecare.kr\/vi\/product\/cham-soc-ban-chan-khong-gay-chen-ep-tat-khang-khuan-danh-cho-nguoi-tieu-duong-tat-chromie\/","title":{"rendered":"Ch\u0103m s\u00f3c b\u00e0n ch\u00e2n kh\u00f4ng g\u00e2y ch\u00e8n \u00e9p, t\u1ea5t kh\u00e1ng khu\u1ea9n d\u00e0nh cho ng\u01b0\u1eddi ti\u1ec3u \u0111\u01b0\u1eddng, t\u1ea5t Chromie"},"content":{"rendered":"<p style=\"text-align: center;\"><img loading=\"lazy\" decoding=\"async\" width=\"698\" height=\"76\" class=\"alignnone wp-image-11239\" src=\"http:\/\/athenahomecare.kr\/wp-content\/uploads\/2022\/10\/cromi-sock-detail-top.jpg\" alt=\"\" srcset=\"https:\/\/athenahomecare.kr\/wp-content\/uploads\/2022\/10\/cromi-sock-detail-top.jpg 698w, https:\/\/athenahomecare.kr\/wp-content\/uploads\/2022\/10\/cromi-sock-detail-top-300x33.jpg 300w, https:\/\/athenahomecare.kr\/wp-content\/uploads\/2022\/10\/cromi-sock-detail-top-600x65.jpg 600w\" sizes=\"(max-width: 698px) 100vw, 698px\" \/><\/p>\n<p style=\"text-align: center;\">V\u1edb ti\u1ec3u \u0111\u01b0\u1eddng kh\u00e1ng khu\u1ea9n kh\u00f4ng n\u00e9n<br \/>\nNh\u1eefng chi\u1ebfc t\u1ea5t kh\u00f4ng th\u1eaft ch\u1eb7t<br \/>\nt\u1ea5t kh\u00f4ng r\u01a1i ra<br \/>\nNh\u1eefng chi\u1ebfc t\u1ea5t b\u1ea3o v\u1ec7 \u0111\u00f4i ch\u00e2n c\u1ee7a b\u1ea1n<\/p>\n<p style=\"text-align: center;\"><img loading=\"lazy\" decoding=\"async\" width=\"860\" height=\"860\" class=\"size-medium wp-image-11237 aligncenter\" src=\"http:\/\/athenahomecare.kr\/wp-content\/uploads\/2022\/10\/cromi-sock-detail.jpg\" alt=\"\" srcset=\"https:\/\/athenahomecare.kr\/wp-content\/uploads\/2022\/10\/cromi-sock-detail.jpg 860w, https:\/\/athenahomecare.kr\/wp-content\/uploads\/2022\/10\/cromi-sock-detail-300x300.jpg 300w, https:\/\/athenahomecare.kr\/wp-content\/uploads\/2022\/10\/cromi-sock-detail-150x150.jpg 150w, https:\/\/athenahomecare.kr\/wp-content\/uploads\/2022\/10\/cromi-sock-detail-768x768.jpg 768w, https:\/\/athenahomecare.kr\/wp-content\/uploads\/2022\/10\/cromi-sock-detail-600x600.jpg 600w, https:\/\/athenahomecare.kr\/wp-content\/uploads\/2022\/10\/cromi-sock-detail-100x100.jpg 100w\" sizes=\"(max-width: 860px) 100vw, 860px\" \/><\/p>\n<p style=\"text-align: center;\">B\u00e0n ch\u00e2n th\u01b0\u1eddng xuy\u00ean s\u01b0ng t\u1ea5y<br \/>\nb\u00e0n ch\u00e2n \u0111\u1ec3 l\u1ea1i d\u1ea5u v\u1ebft<br \/>\nch\u00e2n b\u1ecb th\u01b0\u01a1ng<br \/>\nch\u00e2n \u01b0\u1edbt \u0111\u1eabm m\u1ed3 h\u00f4i<\/p>\n<p style=\"text-align: center;\"><img loading=\"lazy\" decoding=\"async\" width=\"860\" height=\"860\" class=\"size-medium wp-image-11238 aligncenter\" src=\"http:\/\/athenahomecare.kr\/wp-content\/uploads\/2022\/10\/cromi-sock-detail2.jpg\" alt=\"\" srcset=\"https:\/\/athenahomecare.kr\/wp-content\/uploads\/2022\/10\/cromi-sock-detail2.jpg 860w, https:\/\/athenahomecare.kr\/wp-content\/uploads\/2022\/10\/cromi-sock-detail2-300x300.jpg 300w, https:\/\/athenahomecare.kr\/wp-content\/uploads\/2022\/10\/cromi-sock-detail2-150x150.jpg 150w, https:\/\/athenahomecare.kr\/wp-content\/uploads\/2022\/10\/cromi-sock-detail2-768x768.jpg 768w, https:\/\/athenahomecare.kr\/wp-content\/uploads\/2022\/10\/cromi-sock-detail2-600x600.jpg 600w, https:\/\/athenahomecare.kr\/wp-content\/uploads\/2022\/10\/cromi-sock-detail2-100x100.jpg 100w\" sizes=\"(max-width: 860px) 100vw, 860px\" \/><\/p>\n<p>&nbsp;<\/p>\n<p style=\"text-align: center;\"><strong>Th\u1eadt t\u1ed1t cho nh\u1eefng ng\u01b0\u1eddi nh\u01b0 th\u1ebf n\u00e0y<\/strong><\/p>\n<p style=\"text-align: center;\">b\u1ec7nh nh\u00e2n ti\u1ec3u \u0111\u01b0\u1eddng<br \/>\nph\u1ee5 n\u1eef c\u00f3 thai<br \/>\nNh\u1eefng ng\u01b0\u1eddi th\u01b0\u1eddng xuy\u00ean b\u1ecb s\u01b0ng ch\u00e2n<br \/>\nNg\u01b0\u1eddi c\u00f3 m\u1ed3 h\u00f4i ch\u00e2n<br \/>\nNg\u01b0\u1eddi c\u00f3 l\u00e0n da y\u1ebfu<\/p>\n<p style=\"text-align: center;\"><strong>\u0110\u1eb7c \u0111i\u1ec3m c\u1ee7a t\u1ea5t Chromie<\/strong><\/p>\n<p><img loading=\"lazy\" decoding=\"async\" width=\"566\" height=\"339\" class=\"size-medium wp-image-11240 aligncenter\" src=\"http:\/\/athenahomecare.kr\/wp-content\/uploads\/2022\/10\/cromi-sock-detail3.jpg\" alt=\"\" srcset=\"https:\/\/athenahomecare.kr\/wp-content\/uploads\/2022\/10\/cromi-sock-detail3.jpg 566w, https:\/\/athenahomecare.kr\/wp-content\/uploads\/2022\/10\/cromi-sock-detail3-300x180.jpg 300w\" sizes=\"(max-width: 566px) 100vw, 566px\" \/><\/p>\n<p>&nbsp;<\/p>\n<p style=\"text-align: center;\"><strong>1. Tho\u1ea3i m\u00e1i kh\u00f4ng b\u1ecb n\u00e9n hay tu\u1ed9t xu\u1ed1ng<\/strong><br \/>\n&#8211; V\u1edbi thi\u1ebft k\u1ebf d\u00e2y \u0111eo ch\u00e9o \u0111\u01b0\u1ee3c thi\u1ebft k\u1ebf \u0111\u1ec3 qu\u1ea5n quanh m\u1eaft c\u00e1 ch\u00e2n m\u1ed9t c\u00e1ch tho\u1ea3i m\u00e1i m\u00e0 kh\u00f4ng b\u1ecb b\u00f3 bu\u1ed9c m\u00e0 c\u00f2n gi\u00fap tr\u00e1nh b\u1ecb tu\u1ed9t ra.<\/p>\n<p style=\"text-align: center;\"><img loading=\"lazy\" decoding=\"async\" width=\"860\" height=\"535\" class=\"alignnone size-medium wp-image-11241\" src=\"http:\/\/athenahomecare.kr\/wp-content\/uploads\/2022\/10\/cromi-sock-detail4.jpg\" alt=\"\" srcset=\"https:\/\/athenahomecare.kr\/wp-content\/uploads\/2022\/10\/cromi-sock-detail4.jpg 860w, https:\/\/athenahomecare.kr\/wp-content\/uploads\/2022\/10\/cromi-sock-detail4-300x187.jpg 300w, https:\/\/athenahomecare.kr\/wp-content\/uploads\/2022\/10\/cromi-sock-detail4-768x478.jpg 768w, https:\/\/athenahomecare.kr\/wp-content\/uploads\/2022\/10\/cromi-sock-detail4-600x373.jpg 600w\" sizes=\"(max-width: 860px) 100vw, 860px\" \/><\/p>\n<p>&nbsp;<\/p>\n<p style=\"text-align: center;\"><strong>2. M\u1ec1m m\u1ea1i v\u1eeba v\u1eb7n<\/strong><br \/>\n &#8211; \u0110\u01b0\u1ee3c l\u00e0m t\u1eeb ch\u1ea5t li\u1ec7u v\u1ea3i thun Lycra v\u00e0 cotton pha, m\u1ec1m m\u1ea1i khi ch\u1ea1m v\u00e0o.<\/p>\n<p style=\"text-align: center;\"><img loading=\"lazy\" decoding=\"async\" width=\"860\" height=\"1146\" class=\"alignnone size-medium wp-image-11242\" src=\"http:\/\/athenahomecare.kr\/wp-content\/uploads\/2022\/10\/cromi-sock-detail5.jpg\" alt=\"\" srcset=\"https:\/\/athenahomecare.kr\/wp-content\/uploads\/2022\/10\/cromi-sock-detail5.jpg 860w, https:\/\/athenahomecare.kr\/wp-content\/uploads\/2022\/10\/cromi-sock-detail5-225x300.jpg 225w, https:\/\/athenahomecare.kr\/wp-content\/uploads\/2022\/10\/cromi-sock-detail5-768x1023.jpg 768w, https:\/\/athenahomecare.kr\/wp-content\/uploads\/2022\/10\/cromi-sock-detail5-600x800.jpg 600w\" sizes=\"(max-width: 860px) 100vw, 860px\" \/><\/p>\n<p>&nbsp;<\/p>\n<p style=\"text-align: center;\"><strong>3. \u0110\u1ed9 d\u00e0y ph\u00f9 h\u1ee3p<\/strong><br \/>\nCh\u00fang d\u00e0y h\u01a1n t\u1ea5t th\u00f4ng th\u01b0\u1eddng \u0111\u1ec3 b\u1ea3o v\u1ec7 b\u00e0n ch\u00e2n c\u1ee7a b\u1ea1n nh\u01b0ng m\u1ecfng h\u01a1n t\u1ea5t th\u1ec3 thao n\u00ean r\u1ea5t ph\u00f9 h\u1ee3p \u0111\u1ec3 mang h\u00e0ng ng\u00e0y.<\/p>\n<p style=\"text-align: center;\"><img loading=\"lazy\" decoding=\"async\" width=\"860\" height=\"1146\" class=\"alignnone size-medium wp-image-11243\" src=\"http:\/\/athenahomecare.kr\/wp-content\/uploads\/2022\/10\/cromi-sock-detail6.jpg\" alt=\"\" srcset=\"https:\/\/athenahomecare.kr\/wp-content\/uploads\/2022\/10\/cromi-sock-detail6.jpg 860w, https:\/\/athenahomecare.kr\/wp-content\/uploads\/2022\/10\/cromi-sock-detail6-225x300.jpg 225w, https:\/\/athenahomecare.kr\/wp-content\/uploads\/2022\/10\/cromi-sock-detail6-768x1023.jpg 768w, https:\/\/athenahomecare.kr\/wp-content\/uploads\/2022\/10\/cromi-sock-detail6-600x800.jpg 600w\" sizes=\"(max-width: 860px) 100vw, 860px\" \/><\/p>\n<p>&nbsp;<\/p>\n<p style=\"text-align: center;\"><strong>4. M\u1ec1m m\u1ea1i kh\u00f4ng \u0111\u1ec3 l\u1ea1i v\u1ebft h\u1eb1n tr\u00ean da<\/strong><br \/>\nT\u1ea5t kh\u00f4ng c\u00f3 \u0111\u01b0\u1eddng may v\u00ec ch\u00fang \u0111\u01b0\u1ee3c l\u00e0m b\u1eb1ng c\u00f4ng ngh\u1ec7 may th\u1ee7 c\u00f4ng, thay v\u00ec may b\u1eb1ng m\u00e1y nh\u01b0 nh\u1eefng chi\u1ebfc t\u1ea5t th\u00f4ng th\u01b0\u1eddng.<br \/>\n<span style=\"font-size: 16px;\">N\u00f3 \u0111\u01b0\u1ee3c k\u1ebft n\u1ed1i tr\u01a1n tru m\u00e0 kh\u00f4ng c\u00f3 b\u1ea5t k\u1ef3 \u0111\u01b0\u1eddng n\u1ed1i n\u00e0o v\u00e0 tr\u01a1n tru m\u00e0 kh\u00f4ng b\u1ecb ki\u1ec7t s\u1ee9c.<\/span><\/p>\n<p style=\"text-align: center;\"><img loading=\"lazy\" decoding=\"async\" width=\"860\" height=\"645\" class=\"alignnone size-medium wp-image-11244\" src=\"http:\/\/athenahomecare.kr\/wp-content\/uploads\/2022\/10\/cromi-sock-detail7.jpg\" alt=\"\" srcset=\"https:\/\/athenahomecare.kr\/wp-content\/uploads\/2022\/10\/cromi-sock-detail7.jpg 860w, https:\/\/athenahomecare.kr\/wp-content\/uploads\/2022\/10\/cromi-sock-detail7-300x225.jpg 300w, https:\/\/athenahomecare.kr\/wp-content\/uploads\/2022\/10\/cromi-sock-detail7-768x576.jpg 768w, https:\/\/athenahomecare.kr\/wp-content\/uploads\/2022\/10\/cromi-sock-detail7-600x450.jpg 600w\" sizes=\"(max-width: 860px) 100vw, 860px\" \/><\/p>\n<p>&nbsp;<\/p>\n<p style=\"text-align: center;\"><strong>5. G\u00f3t ch\u00e2n c\u0169ng tho\u1ea3i m\u00e1i<\/strong><br \/>\nThi\u1ebft k\u1ebf ti\u1ec7n d\u1ee5ng bao quanh g\u00f3t ch\u00e2n gi\u00fap b\u1ea1n tho\u1ea3i m\u00e1i khi mang v\u00ec kh\u00f4ng b\u1ecb tr\u01b0\u1ee3t xu\u1ed1ng ho\u1eb7c bong ra.<\/p>\n<p style=\"text-align: center;\"><img loading=\"lazy\" decoding=\"async\" width=\"860\" height=\"645\" class=\"alignnone size-medium wp-image-11245\" src=\"http:\/\/athenahomecare.kr\/wp-content\/uploads\/2022\/10\/cromi-sock-detail8.jpg\" alt=\"\" srcset=\"https:\/\/athenahomecare.kr\/wp-content\/uploads\/2022\/10\/cromi-sock-detail8.jpg 860w, https:\/\/athenahomecare.kr\/wp-content\/uploads\/2022\/10\/cromi-sock-detail8-300x225.jpg 300w, https:\/\/athenahomecare.kr\/wp-content\/uploads\/2022\/10\/cromi-sock-detail8-768x576.jpg 768w, https:\/\/athenahomecare.kr\/wp-content\/uploads\/2022\/10\/cromi-sock-detail8-600x450.jpg 600w\" sizes=\"(max-width: 860px) 100vw, 860px\" \/><\/p>\n<p>&nbsp;<\/p>\n<p style=\"text-align: center;\"><strong>6. \u0110i\u1ec1u tr\u1ecb kh\u00e1ng khu\u1ea9n<\/strong><br \/>\nPh\u01b0\u01a1ng ph\u00e1p nhu\u1ed9m \u0111\u1eb7c bi\u1ec7t c\u00f3 t\u00e1c d\u1ee5ng \u1ee9c ch\u1ebf s\u1ef1 ph\u00e1t tri\u1ec3n c\u1ee7a vi khu\u1ea9n v\u00e0 x\u1eed l\u00fd kh\u00e1ng khu\u1ea9n s\u1ebd \u1ee9c ch\u1ebf s\u1ef1 ph\u00e1t tri\u1ec3n c\u1ee7a vi khu\u1ea9n c\u00f3 th\u1ec3 x\u1ea3y ra trong m\u00f4i tr\u01b0\u1eddng \u1ea9m \u01b0\u1edbt b\u00ean trong gi\u00e0y.<\/p>\n<p style=\"text-align: center;\"><img loading=\"lazy\" decoding=\"async\" width=\"613\" height=\"798\" class=\"alignnone size-medium wp-image-11246\" src=\"http:\/\/athenahomecare.kr\/wp-content\/uploads\/2022\/10\/cromi-sock-detail9.jpg\" alt=\"\" srcset=\"https:\/\/athenahomecare.kr\/wp-content\/uploads\/2022\/10\/cromi-sock-detail9.jpg 613w, https:\/\/athenahomecare.kr\/wp-content\/uploads\/2022\/10\/cromi-sock-detail9-230x300.jpg 230w, https:\/\/athenahomecare.kr\/wp-content\/uploads\/2022\/10\/cromi-sock-detail9-600x781.jpg 600w\" sizes=\"(max-width: 613px) 100vw, 613px\" \/><\/p>\n<p>&nbsp;<\/p>\n<p style=\"text-align: center;\"><strong>\u0110\u1ed1i v\u1edbi b\u1ec7nh nh\u00e2n ti\u1ec3u \u0111\u01b0\u1eddng<\/strong><br \/>\n<strong>T\u1ea5t ch\u0103m s\u00f3c b\u00e0n ch\u00e2n kh\u00f4ng g\u00e2y \u00e1p l\u1ef1c<\/strong><br \/>\n<strong>v\u1edb crom<\/strong><\/p>\n<p>&nbsp;<\/p>\n<p><img loading=\"lazy\" decoding=\"async\" width=\"860\" height=\"494\" class=\"size-medium wp-image-11247 aligncenter\" src=\"http:\/\/athenahomecare.kr\/wp-content\/uploads\/2022\/10\/cromi-sock-detail10.jpg\" alt=\"\" srcset=\"https:\/\/athenahomecare.kr\/wp-content\/uploads\/2022\/10\/cromi-sock-detail10.jpg 860w, https:\/\/athenahomecare.kr\/wp-content\/uploads\/2022\/10\/cromi-sock-detail10-300x172.jpg 300w, https:\/\/athenahomecare.kr\/wp-content\/uploads\/2022\/10\/cromi-sock-detail10-768x441.jpg 768w, https:\/\/athenahomecare.kr\/wp-content\/uploads\/2022\/10\/cromi-sock-detail10-600x345.jpg 600w\" sizes=\"(max-width: 860px) 100vw, 860px\" \/><\/p>\n<p style=\"text-align: center;\"><strong>Cho nam gi\u1edbi<\/strong><br \/>\n<strong>K\u00edch th\u01b0\u1edbc: Mi\u1ec5n ph\u00ed<\/strong><br \/>\n<strong>M\u00e0u s\u1eafc: \u0111en, x\u00e1m<\/strong><\/p>\n<p>&nbsp;<\/p>\n<p style=\"text-align: center;\"><img loading=\"lazy\" decoding=\"async\" width=\"860\" height=\"615\" class=\"alignnone size-medium wp-image-11248\" src=\"http:\/\/athenahomecare.kr\/wp-content\/uploads\/2022\/10\/cromi-sock-detail11.jpg\" alt=\"\" srcset=\"https:\/\/athenahomecare.kr\/wp-content\/uploads\/2022\/10\/cromi-sock-detail11.jpg 860w, https:\/\/athenahomecare.kr\/wp-content\/uploads\/2022\/10\/cromi-sock-detail11-300x215.jpg 300w, https:\/\/athenahomecare.kr\/wp-content\/uploads\/2022\/10\/cromi-sock-detail11-768x549.jpg 768w, https:\/\/athenahomecare.kr\/wp-content\/uploads\/2022\/10\/cromi-sock-detail11-600x429.jpg 600w\" sizes=\"(max-width: 860px) 100vw, 860px\" \/><\/p>\n<p style=\"text-align: center;\"><strong>\u0110\u1ed1i v\u1edbi ph\u1ee5 n\u1eef<\/strong><br \/>\n<strong>K\u00edch th\u01b0\u1edbc: Mi\u1ec5n ph\u00ed<\/strong><br \/>\n<strong>M\u00e0u x\u00e1m<\/strong><\/p>\n<p style=\"text-align: center;\"><img loading=\"lazy\" decoding=\"async\" width=\"242\" height=\"277\" class=\"alignnone size-medium wp-image-11249\" src=\"http:\/\/athenahomecare.kr\/wp-content\/uploads\/2022\/10\/cromi-sock-detail12.jpg\" alt=\"\"><\/p>\n<p style=\"text-align: center;\"><strong>T\u00ean s\u1ea3n ph\u1ea9m: T\u1ea5t Chromie<\/strong><br \/>\n<strong>T\u1ef7 l\u1ec7 pha tr\u1ed9n: Cotton 78%, Lycra 22%<\/strong><br \/>\n<strong>K\u00fd hi\u1ec7u: Free size<\/strong><br \/>\n<strong>N\u01b0\u1edbc xu\u1ea5t x\u1ee9: S\u1ea3n xu\u1ea5t t\u1ea1i H\u00e0n Qu\u1ed1c<\/strong><br \/>\n<strong>Nh\u00e0 s\u1ea3n xu\u1ea5t: Neotech<\/strong><br \/>\n<strong>C\u01a1 quan b\u00e1n h\u00e0ng: Hi\u1ec7p h\u1ed9i H\u1ee3p t\u00e1c x\u00e3 D\u01b0\u1ee3c s\u0129 Pharmacoop<\/strong><\/p>\n","protected":false},"excerpt":{"rendered":"<p>T\u1ea5t kh\u00e1ng khu\u1ea9n, kh\u00f4ng g\u00e2y \u00e1p l\u1ef1c cho ng\u01b0\u1eddi ti\u1ec3u \u0111\u01b0\u1eddng, kh\u00f4ng \u0111\u1ec3 l\u1ea1i v\u1ebft \u1ed1 v\u00e0 b\u1ea3o v\u1ec7 v\u1ebft th\u01b0\u01a1ng<\/p>\n","protected":false},"featured_media":11963,"comment_status":"open","ping_status":"closed","template":"","meta":{"_uag_custom_page_level_css":"","site-sidebar-layout":"default","site-content-layout":"default","ast-site-content-layout":"","site-content-style":"default","site-sidebar-style":"default","ast-global-header-display":"","ast-banner-title-visibility":"","ast-main-header-display":"","ast-hfb-above-header-display":"","ast-hfb-below-header-display":"","ast-hfb-mobile-header-display":"","site-post-title":"","ast-breadcrumbs-content":"","ast-featured-img":"","footer-sml-layout":"","theme-transparent-header-meta":"default","adv-header-id-meta":"","stick-header-meta":"default","header-above-stick-meta":"","header-main-stick-meta":"","header-below-stick-meta":"","astra-migrate-meta-layouts":"default","ast-page-background-enabled":"default","ast-page-background-meta":{"desktop":{"background-color":"var(--ast-global-color-4)","background-image":"","background-repeat":"repeat","background-position":"center center","background-size":"auto","background-attachment":"scroll","background-type":"","background-media":"","overlay-type":"","overlay-color":"","overlay-opacity":"","overlay-gradient":""},"tablet":{"background-color":"","background-image":"","background-repeat":"repeat","background-position":"center center","background-size":"auto","background-attachment":"scroll","background-type":"","background-media":"","overlay-type":"","overlay-color":"","overlay-opacity":"","overlay-gradient":""},"mobile":{"background-color":"","background-image":"","background-repeat":"repeat","background-position":"center center","background-size":"auto","background-attachment":"scroll","background-type":"","background-media":"","overlay-type":"","overlay-color":"","overlay-opacity":"","overlay-gradient":""}},"ast-content-background-meta":{"desktop":{"background-color":"var(--ast-global-color-5)","background-image":"","background-repeat":"repeat","background-position":"center center","background-size":"auto","background-attachment":"scroll","background-type":"","background-media":"","overlay-type":"","overlay-color":"","overlay-opacity":"","overlay-gradient":""},"tablet":{"background-color":"var(--ast-global-color-5)","background-image":"","background-repeat":"repeat","background-position":"center center","background-size":"auto","background-attachment":"scroll","background-type":"","background-media":"","overlay-type":"","overlay-color":"","overlay-opacity":"","overlay-gradient":""},"mobile":{"background-color":"var(--ast-global-color-5)","background-image":"","background-repeat":"repeat","background-position":"center center","background-size":"auto","background-attachment":"scroll","background-type":"","background-media":"","overlay-type":"","overlay-color":"","overlay-opacity":"","overlay-gradient":""}}},"product_cat":[176],"product_tag":[199,203,201,202,200],"product-realcategory":[],"product-marketing":[249],"uagb_featured_image_src":{"full":["https:\/\/athenahomecare.kr\/wp-content\/uploads\/2022\/10\/\ud06c\ub85c\ubbf8-\ub0a8\uc131\uc5ec\uc131.jpg",500,500,false],"thumbnail":["https:\/\/athenahomecare.kr\/wp-content\/uploads\/2022\/10\/\ud06c\ub85c\ubbf8-\ub0a8\uc131\uc5ec\uc131-150x150.jpg",150,150,true],"medium":["https:\/\/athenahomecare.kr\/wp-content\/uploads\/2022\/10\/\ud06c\ub85c\ubbf8-\ub0a8\uc131\uc5ec\uc131-300x300.jpg",300,300,true],"medium_large":["https:\/\/athenahomecare.kr\/wp-content\/uploads\/2022\/10\/\ud06c\ub85c\ubbf8-\ub0a8\uc131\uc5ec\uc131.jpg",500,500,false],"large":["https:\/\/athenahomecare.kr\/wp-content\/uploads\/2022\/10\/\ud06c\ub85c\ubbf8-\ub0a8\uc131\uc5ec\uc131.jpg",500,500,false],"lws_wr_thumbnail":["https:\/\/athenahomecare.kr\/wp-content\/uploads\/2022\/10\/\ud06c\ub85c\ubbf8-\ub0a8\uc131\uc5ec\uc131.jpg",96,96,false],"lws_wr_thumbnail_small":["https:\/\/athenahomecare.kr\/wp-content\/uploads\/2022\/10\/\ud06c\ub85c\ubbf8-\ub0a8\uc131\uc5ec\uc131.jpg",42,42,false],"1536x1536":["https:\/\/athenahomecare.kr\/wp-content\/uploads\/2022\/10\/\ud06c\ub85c\ubbf8-\ub0a8\uc131\uc5ec\uc131.jpg",500,500,false],"2048x2048":["https:\/\/athenahomecare.kr\/wp-content\/uploads\/2022\/10\/\ud06c\ub85c\ubbf8-\ub0a8\uc131\uc5ec\uc131.jpg",500,500,false],"woocommerce_thumbnail":["https:\/\/athenahomecare.kr\/wp-content\/uploads\/2022\/10\/\ud06c\ub85c\ubbf8-\ub0a8\uc131\uc5ec\uc131-300x300.jpg",300,300,true],"woocommerce_single":["https:\/\/athenahomecare.kr\/wp-content\/uploads\/2022\/10\/\ud06c\ub85c\ubbf8-\ub0a8\uc131\uc5ec\uc131.jpg",500,500,false],"woocommerce_gallery_thumbnail":["https:\/\/athenahomecare.kr\/wp-content\/uploads\/2022\/10\/\ud06c\ub85c\ubbf8-\ub0a8\uc131\uc5ec\uc131-100x100.jpg",100,100,true]},"uagb_author_info":{"display_name":"kjsdollkr","author_link":"https:\/\/athenahomecare.kr\/vi\/author\/"},"uagb_comment_info":0,"uagb_excerpt":"T\u1ea5t kh\u00e1ng khu\u1ea9n, kh\u00f4ng g\u00e2y \u00e1p l\u1ef1c cho ng\u01b0\u1eddi ti\u1ec3u \u0111\u01b0\u1eddng, kh\u00f4ng \u0111\u1ec3 l\u1ea1i v\u1ebft \u1ed1 v\u00e0 b\u1ea3o v\u1ec7 v\u1ebft th\u01b0\u01a1ng","_links":{"self":[{"href":"https:\/\/athenahomecare.kr\/vi\/wp-json\/wp\/v2\/product\/13486"}],"collection":[{"href":"https:\/\/athenahomecare.kr\/vi\/wp-json\/wp\/v2\/product"}],"about":[{"href":"https:\/\/athenahomecare.kr\/vi\/wp-json\/wp\/v2\/types\/product"}],"replies":[{"embeddable":true,"href":"https:\/\/athenahomecare.kr\/vi\/wp-json\/wp\/v2\/comments?post=13486"}],"wp:featuredmedia":[{"embeddable":true,"href":"https:\/\/athenahomecare.kr\/vi\/wp-json\/wp\/v2\/media\/11963"}],"wp:attachment":[{"href":"https:\/\/athenahomecare.kr\/vi\/wp-json\/wp\/v2\/media?parent=13486"}],"wp:term":[{"taxonomy":"product_cat","embeddable":true,"href":"https:\/\/athenahomecare.kr\/vi\/wp-json\/wp\/v2\/product_cat?post=13486"},{"taxonomy":"product_tag","embeddable":true,"href":"https:\/\/athenahomecare.kr\/vi\/wp-json\/wp\/v2\/product_tag?post=13486"},{"taxonomy":"product-realcategory","embeddable":true,"href":"https:\/\/athenahomecare.kr\/vi\/wp-json\/wp\/v2\/product-realcategory?post=13486"},{"taxonomy":"product-marketing","embeddable":true,"href":"https:\/\/athenahomecare.kr\/vi\/wp-json\/wp\/v2\/product-marketing?post=13486"}],"curies":[{"name":"wp","href":"https:\/\/api.w.org\/{rel}","templated":true}]}}