{"id":13545,"date":"2022-10-12T19:08:25","date_gmt":"2022-10-12T10:08:25","guid":{"rendered":"https:\/\/athenahomecare.kr\/product\/xa-phong-nuoc-co-tinh-axit-yeu-3mom-loai-xa-phong-co-tinh-axit-nhe-danh-cho-da-ngua-kho-va-gap-van-de\/"},"modified":"2023-09-14T16:51:27","modified_gmt":"2023-09-14T07:51:27","slug":"xa-phong-nuoc-co-tinh-axit-yeu-3mom-loai-xa-phong-co-tinh-axit-nhe-danh-cho-da-ngua-kho-va-gap-van-de","status":"publish","type":"product","link":"https:\/\/athenahomecare.kr\/vi\/product\/xa-phong-nuoc-co-tinh-axit-yeu-3mom-loai-xa-phong-co-tinh-axit-nhe-danh-cho-da-ngua-kho-va-gap-van-de\/","title":{"rendered":"X\u00e0 ph\u00f2ng n\u01b0\u1edbc c\u00f3 t\u00ednh axit y\u1ebfu 3Mom, lo\u1ea1i x\u00e0 ph\u00f2ng c\u00f3 t\u00ednh axit nh\u1eb9 d\u00e0nh cho da ng\u1ee9a, kh\u00f4 v\u00e0 g\u1eb7p v\u1ea5n \u0111\u1ec1."},"content":{"rendered":"<p><img loading=\"lazy\" decoding=\"async\" width=\"219\" height=\"2560\" class=\"size-medium wp-image-11263 aligncenter\" src=\"http:\/\/athenahomecare.kr\/wp-content\/uploads\/2022\/10\/threemom-liquid-soap-detail-scaled.jpg\" alt=\"\"><\/p>\n","protected":false},"excerpt":{"rendered":"<p>X\u00e0 ph\u00f2ng l\u1ecfng c\u00f3 t\u00ednh axit nh\u1eb9 kh\u00f4ng ch\u1ee9a Sulfa<\/p>\n","protected":false},"featured_media":12331,"comment_status":"open","ping_status":"closed","template":"","meta":{"_uag_custom_page_level_css":"","site-sidebar-layout":"default","site-content-layout":"default","ast-site-content-layout":"","site-content-style":"default","site-sidebar-style":"default","ast-global-header-display":"","ast-banner-title-visibility":"","ast-main-header-display":"","ast-hfb-above-header-display":"","ast-hfb-below-header-display":"","ast-hfb-mobile-header-display":"","site-post-title":"","ast-breadcrumbs-content":"","ast-featured-img":"","footer-sml-layout":"","theme-transparent-header-meta":"default","adv-header-id-meta":"","stick-header-meta":"default","header-above-stick-meta":"","header-main-stick-meta":"","header-below-stick-meta":"","astra-migrate-meta-layouts":"default","ast-page-background-enabled":"default","ast-page-background-meta":{"desktop":{"background-color":"var(--ast-global-color-4)","background-image":"","background-repeat":"repeat","background-position":"center center","background-size":"auto","background-attachment":"scroll","background-type":"","background-media":"","overlay-type":"","overlay-color":"","overlay-opacity":"","overlay-gradient":""},"tablet":{"background-color":"","background-image":"","background-repeat":"repeat","background-position":"center center","background-size":"auto","background-attachment":"scroll","background-type":"","background-media":"","overlay-type":"","overlay-color":"","overlay-opacity":"","overlay-gradient":""},"mobile":{"background-color":"","background-image":"","background-repeat":"repeat","background-position":"center center","background-size":"auto","background-attachment":"scroll","background-type":"","background-media":"","overlay-type":"","overlay-color":"","overlay-opacity":"","overlay-gradient":""}},"ast-content-background-meta":{"desktop":{"background-color":"var(--ast-global-color-5)","background-image":"","background-repeat":"repeat","background-position":"center center","background-size":"auto","background-attachment":"scroll","background-type":"","background-media":"","overlay-type":"","overlay-color":"","overlay-opacity":"","overlay-gradient":""},"tablet":{"background-color":"var(--ast-global-color-5)","background-image":"","background-repeat":"repeat","background-position":"center center","background-size":"auto","background-attachment":"scroll","background-type":"","background-media":"","overlay-type":"","overlay-color":"","overlay-opacity":"","overlay-gradient":""},"mobile":{"background-color":"var(--ast-global-color-5)","background-image":"","background-repeat":"repeat","background-position":"center center","background-size":"auto","background-attachment":"scroll","background-type":"","background-media":"","overlay-type":"","overlay-color":"","overlay-opacity":"","overlay-gradient":""}}},"product_cat":[176],"product_tag":[],"product-realcategory":[],"product-marketing":[249],"uagb_featured_image_src":{"full":["https:\/\/athenahomecare.kr\/wp-content\/uploads\/2022\/10\/\uc4f0\ub9ac\ub9d8\uc57d\uc0b0\uc131\ubb3c\ube44\ub204-\uc6a9\uae30\uc640\ud328\ud0a4\uc9c0500.jpg",500,500,false],"thumbnail":["https:\/\/athenahomecare.kr\/wp-content\/uploads\/2022\/10\/\uc4f0\ub9ac\ub9d8\uc57d\uc0b0\uc131\ubb3c\ube44\ub204-\uc6a9\uae30\uc640\ud328\ud0a4\uc9c0500-150x150.jpg",150,150,true],"medium":["https:\/\/athenahomecare.kr\/wp-content\/uploads\/2022\/10\/\uc4f0\ub9ac\ub9d8\uc57d\uc0b0\uc131\ubb3c\ube44\ub204-\uc6a9\uae30\uc640\ud328\ud0a4\uc9c0500-300x300.jpg",300,300,true],"medium_large":["https:\/\/athenahomecare.kr\/wp-content\/uploads\/2022\/10\/\uc4f0\ub9ac\ub9d8\uc57d\uc0b0\uc131\ubb3c\ube44\ub204-\uc6a9\uae30\uc640\ud328\ud0a4\uc9c0500.jpg",500,500,false],"large":["https:\/\/athenahomecare.kr\/wp-content\/uploads\/2022\/10\/\uc4f0\ub9ac\ub9d8\uc57d\uc0b0\uc131\ubb3c\ube44\ub204-\uc6a9\uae30\uc640\ud328\ud0a4\uc9c0500.jpg",500,500,false],"lws_wr_thumbnail":["https:\/\/athenahomecare.kr\/wp-content\/uploads\/2022\/10\/\uc4f0\ub9ac\ub9d8\uc57d\uc0b0\uc131\ubb3c\ube44\ub204-\uc6a9\uae30\uc640\ud328\ud0a4\uc9c0500-96x96.jpg",96,96,true],"lws_wr_thumbnail_small":["https:\/\/athenahomecare.kr\/wp-content\/uploads\/2022\/10\/\uc4f0\ub9ac\ub9d8\uc57d\uc0b0\uc131\ubb3c\ube44\ub204-\uc6a9\uae30\uc640\ud328\ud0a4\uc9c0500-42x42.jpg",42,42,true],"1536x1536":["https:\/\/athenahomecare.kr\/wp-content\/uploads\/2022\/10\/\uc4f0\ub9ac\ub9d8\uc57d\uc0b0\uc131\ubb3c\ube44\ub204-\uc6a9\uae30\uc640\ud328\ud0a4\uc9c0500.jpg",500,500,false],"2048x2048":["https:\/\/athenahomecare.kr\/wp-content\/uploads\/2022\/10\/\uc4f0\ub9ac\ub9d8\uc57d\uc0b0\uc131\ubb3c\ube44\ub204-\uc6a9\uae30\uc640\ud328\ud0a4\uc9c0500.jpg",500,500,false],"woocommerce_thumbnail":["https:\/\/athenahomecare.kr\/wp-content\/uploads\/2022\/10\/\uc4f0\ub9ac\ub9d8\uc57d\uc0b0\uc131\ubb3c\ube44\ub204-\uc6a9\uae30\uc640\ud328\ud0a4\uc9c0500-300x300.jpg",300,300,true],"woocommerce_single":["https:\/\/athenahomecare.kr\/wp-content\/uploads\/2022\/10\/\uc4f0\ub9ac\ub9d8\uc57d\uc0b0\uc131\ubb3c\ube44\ub204-\uc6a9\uae30\uc640\ud328\ud0a4\uc9c0500.jpg",500,500,false],"woocommerce_gallery_thumbnail":["https:\/\/athenahomecare.kr\/wp-content\/uploads\/2022\/10\/\uc4f0\ub9ac\ub9d8\uc57d\uc0b0\uc131\ubb3c\ube44\ub204-\uc6a9\uae30\uc640\ud328\ud0a4\uc9c0500-100x100.jpg",100,100,true]},"uagb_author_info":{"display_name":"kjsdollkr","author_link":"https:\/\/athenahomecare.kr\/vi\/author\/"},"uagb_comment_info":0,"uagb_excerpt":"X\u00e0 ph\u00f2ng l\u1ecfng c\u00f3 t\u00ednh axit nh\u1eb9 kh\u00f4ng ch\u1ee9a Sulfa","_links":{"self":[{"href":"https:\/\/athenahomecare.kr\/vi\/wp-json\/wp\/v2\/product\/13545"}],"collection":[{"href":"https:\/\/athenahomecare.kr\/vi\/wp-json\/wp\/v2\/product"}],"about":[{"href":"https:\/\/athenahomecare.kr\/vi\/wp-json\/wp\/v2\/types\/product"}],"replies":[{"embeddable":true,"href":"https:\/\/athenahomecare.kr\/vi\/wp-json\/wp\/v2\/comments?post=13545"}],"wp:featuredmedia":[{"embeddable":true,"href":"https:\/\/athenahomecare.kr\/vi\/wp-json\/wp\/v2\/media\/12331"}],"wp:attachment":[{"href":"https:\/\/athenahomecare.kr\/vi\/wp-json\/wp\/v2\/media?parent=13545"}],"wp:term":[{"taxonomy":"product_cat","embeddable":true,"href":"https:\/\/athenahomecare.kr\/vi\/wp-json\/wp\/v2\/product_cat?post=13545"},{"taxonomy":"product_tag","embeddable":true,"href":"https:\/\/athenahomecare.kr\/vi\/wp-json\/wp\/v2\/product_tag?post=13545"},{"taxonomy":"product-realcategory","embeddable":true,"href":"https:\/\/athenahomecare.kr\/vi\/wp-json\/wp\/v2\/product-realcategory?post=13545"},{"taxonomy":"product-marketing","embeddable":true,"href":"https:\/\/athenahomecare.kr\/vi\/wp-json\/wp\/v2\/product-marketing?post=13545"}],"curies":[{"name":"wp","href":"https:\/\/api.w.org\/{rel}","templated":true}]}}